{"id":2926,"date":"2023-04-20T14:14:06","date_gmt":"2023-04-20T12:14:06","guid":{"rendered":"https:\/\/conscolonia.esteri.it\/?page_id=2926"},"modified":"2025-11-04T11:52:22","modified_gmt":"2025-11-04T10:52:22","slug":"standesamt-standeamtliche-hochzeit-einer-der-beiden-zukuenftigen-ehepartner-hat-die-deutsche-staatsangehoerigkeit","status":"publish","type":"page","link":"https:\/\/conscolonia.esteri.it\/de\/servizi-consolari-e-visti\/servizi-per-il-cittadino-italiano\/stato-civile\/standesamt-heirat-in-deutschland-und-in-italien\/standesamt-standeamtliche-hochzeit-einer-der-beiden-zukuenftigen-ehepartner-hat-die-deutsche-staatsangehoerigkeit\/","title":{"rendered":"STANDESAMT &#8211; Standesamtliche Eheschlie\u00dfung in Deutschland"},"content":{"rendered":"<p><a href=\"https:\/\/www.esteri.it\/it\/servizi-consolari-e-visti\/italiani-all-estero\/stato-civile\/matrimonio_0\/\"><img loading=\"lazy\" decoding=\"async\" class=\"alignleft wp-image-2908 img-fluid\" src=\"https:\/\/conscolonia.esteri.it\/wp-content\/uploads\/2023\/08\/Atto-di-matrimonio-1-300x199.jpg\" alt=\"\" width=\"231\" height=\"153\" srcset=\"https:\/\/conscolonia.esteri.it\/wp-content\/uploads\/2023\/08\/Atto-di-matrimonio-1-300x199.jpg 300w, https:\/\/conscolonia.esteri.it\/wp-content\/uploads\/2023\/08\/Atto-di-matrimonio-1-768x511.jpg 768w, https:\/\/conscolonia.esteri.it\/wp-content\/uploads\/2023\/08\/Atto-di-matrimonio-1.jpg 782w\" sizes=\"auto, (max-width: 231px) 100vw, 231px\" \/><\/a><\/p>\n<p style=\"text-align: justify;\">Italienische Staatsangeh\u00f6rige, die vor einem deutschen Standesbeamten die Ehe schlie\u00dfen wollen, ben\u00f6tigen ein <strong>Ehef\u00e4higkeitszeugnis<\/strong>, welches vom italienischen Generalkonsulat ausgestellt wird<strong>, Euro 6,00 Geb\u00fchren + Versandkosten<\/strong> kostet und eine <strong>G\u00fcltigkeit von 6 Monaten<\/strong> hat.<\/p>\n<h6 style=\"text-align: justify;\"><span style=\"color: #0000ff;\"><strong>ANTRAGSVERFAHREN UND AUSSTELLUNG DES EHEF\u00c4HIGKEITSZEUGNISSES<\/strong><\/span><\/h6>\n<p style=\"text-align: justify;\">Das Ehef\u00e4higkeitszeugnis wird <strong>italienischen Staatsb\u00fcrgern<\/strong> ausgestellt, die im Register der im Ausland wohnhaften Italienern (<strong>AIRE<\/strong>) eingetragen sind. Es MUSS zusammen mit den unten aufgef\u00fchrten Unterlagen <strong>per Post<\/strong> beantragt und an die Anschrift des italienischen Generalkonsulates, Universit\u00e4tsstr. 81, 50931 adressiert werden.<\/p>\n<p style=\"text-align: justify;\"><strong>ACHTUNG<\/strong>: Falls beide Eheleute italienische Staatsangeh\u00f6rige sind, wird nur EIN Ehef\u00e4higkeitszeugnis ausgestellt. Entsprechend muss die Geb\u00fchr nur einmal \u00fcberwiesen werden.<\/p>\n<p style=\"text-align: justify;\">Laut Art. 2 des Gesetzes n. 241 vom 07.08.1990 muss das Antragsverfahren f\u00fcr die Ausstellung des Ehef\u00e4higkeitszeugnisses binnen 30 Tagen abgeschlossen werden unter der Voraussetzung, dass die eingereichten Unterlagen komplett sind und keine formellen oder rechtlichen Einw\u00e4nde bestehen. Ma\u00dfgeblich ist der Eingangsstempel des Protokollregisters.<\/p>\n<p style=\"text-align: justify;\">Die Antr\u00e4ge werden chronologisch nach Posteingang bearbeitet. Um zu erfahren, ob der Antrag hier eingegangen ist, kann die Seite von <a href=\"https:\/\/www.dhl.de\/de\/privatkunden\/hilfe-kundenservice\/sendungsverfolgung.html\">DHL<\/a> genutzt werden. Mails, in denen nach Eingangsbest\u00e4tigung des Antrags bzw. Bearbeitungsstatus erfragt wird, werden <strong>NICHT<\/strong> beantwortet. Es ist nicht m\u00f6glich, den Antrag pers\u00f6nlich abzugeben. Wir bitten ebenfalls davon abzusehen, pers\u00f6nlich im Konsulat nach dem Bearbeitungsstatus zu fragen.<\/p>\n<p style=\"text-align: justify;\">Im Antragsformular besteht die M\u00f6glichkeit, das voraussichtliche Datum der Eheschlie\u00dfung einzutragen. Bitte ber\u00fccksichtigen Sie dies bez\u00fcglich der Bearbeitungszeiten und der G\u00fcltigkeitsdauer des Ehef\u00e4higkeitszeugnisses. Innerhalb der sechsmonatigen G\u00fcltigkeit des Ehef\u00e4higkeitszeugnisses ist es <strong>NICHT<\/strong> m\u00f6glich, ein neues zu beantragen.<\/p>\n<p style=\"text-align: justify;\"><strong>Das Ehef\u00e4higkeitszeugnis wird an die im Antrag vermerkte Adresse per Post verschickt.<\/strong><\/p>\n<h6 style=\"text-align: justify;\"><span style=\"color: #0000ff;\"><strong>Vorzulegende Unterlagen:<\/strong><\/span><span style=\"text-decoration: underline;\"><strong><br \/>\n<\/strong><\/span><\/h6>\n<p style=\"text-align: justify;\">1. <a href=\"https:\/\/conscolonia.esteri.it\/wp-content\/uploads\/2024\/01\/2023_10_12_modulo_richiesta_certificato_capacita_matrimoniale.pdf\">Antragsformular<\/a><\/p>\n<p style=\"text-align: justify;\">2. Beleg \u00fcber die erfolgte Bank\u00fcberweisung an das Konto des Generalkonsulats \u00fcber:<\/p>\n<ul style=\"text-align: justify;\">\n<li>7,80 \u20ac (= 6 \u20ac + 1,80 \u20ac) bei Standardversand per Post;<br \/>\noder<\/li>\n<li>10,15 \u20ac (= 6 \u20ac + 4,15 \u20ac) bei Postversand per Einwurf Einschreiben;<br \/>\noder<\/li>\n<li>6 \u20ac bei Versand mit frankiertem R\u00fcckumschlag;<\/li>\n<\/ul>\n<p style=\"text-align: justify;\">IBAN: DE36 3707 0024 0232 9662 00<br \/>\nZahlungsempf\u00e4nger: Italienisches Generalkonsulat K\u00f6ln<br \/>\nVerwendungszweck: Name &#8211; Nachname \/ Antrag auf Ausstellung eines Ehef\u00e4higkeitszeugnisses<\/p>\n<p style=\"text-align: justify;\"><strong>Au\u00dferdem wird ben\u00f6tigt:<\/strong><\/p>\n<p style=\"text-align: justify;\"><strong>1) F\u00fcr italienische Staatsb\u00fcrger*innen:<br \/>\n<\/strong><\/p>\n<ul style=\"text-align: justify;\">\n<li><em>Aufenthaltsbescheinigung \/ Erweiterte Meldebest\u00e4tigung <\/em>(certificato cumulativo di stato civile, cittadinanza, residenza), ausgestellt von der deutschen Heimatgemeinde, wo der Wohnsitz registriert ist;<\/li>\n<li>ein g\u00fcltiges Ausweisdokument (Reisepass oder Personalausweis).Au\u00dferdem:<br \/>\n&#8211; <span style=\"text-decoration: underline;\">bei Minderj\u00e4hrigen unter 18 Jahren<\/span>: die Genehmigung des zust\u00e4ndigen, italienischen Jugendgerichts gem\u00e4\u00df \u00a7 84 des Codice Civile (= B\u00fcrgerliches Gesetzbuch) &#8211; Gesetz vom 19.05.1975, Nr. 15 (Legge 19.05.1975, n. 15)<\/li>\n<\/ul>\n<p style=\"text-align: justify;\"><strong>2) Wenn einer der beiden Brautleute deutsche\/r Staatsb\u00fcrger\/in ist:<\/strong><\/p>\n<ul style=\"text-align: justify;\">\n<li><em>Aufenthaltsbescheinigung \/ Erweiterte Meldebest\u00e4tigung <\/em>(certificato cumulativo di stato civile, cittadinanza, residenza), ausgestellt von der deutschen Heimatgemeinde, wo der Wohnsitz registriert ist;<\/li>\n<li><em>Geburtsurkunde<\/em> (certificato di nascita);<\/li>\n<li>ein g\u00fcltiges Ausweisdokument (Reisepass oder Personalausweis).<\/li>\n<\/ul>\n<p style=\"text-align: justify;\">Au\u00dferdem:<\/p>\n<ul style=\"text-align: justify;\">\n<li style=\"list-style-type: none;\">\n<ul>\n<li><u>falls geschieden<\/u>: ein formal rechtskr\u00e4ftiges Scheidungsurteil;<\/li>\n<\/ul>\n<\/li>\n<\/ul>\n<ul style=\"text-align: justify;\">\n<li style=\"list-style-type: none;\">\n<ul>\n<li><u>falls verwitwet<\/u>: Eheurkunde der vorherigen Ehe sowie Sterbeurkunde des voherigen, verstorbenen Ehepartners;<\/li>\n<\/ul>\n<\/li>\n<\/ul>\n<ul style=\"text-align: justify;\">\n<li style=\"list-style-type: none;\">\n<ul>\n<li><u>falls minderj\u00e4hrig (unter 18 Jahren)<\/u>: Genehmigung des zust\u00e4ndigen, deutschen Jugendgerichts.<\/li>\n<\/ul>\n<\/li>\n<\/ul>\n<p style=\"text-align: justify;\"><strong>3) Wenn einer der beiden Brautleute ein\/e Staatsb\u00fcrger\/in eines Drittlandes ist:<br \/>\n<\/strong><\/p>\n<ul style=\"text-align: justify;\">\n<li>falls wohnhaft in Deutschland: <em>Aufenthaltsbescheinigung<\/em>\/Erweiterte<em> Meldebest\u00e4tigung<\/em> (certificato cumulativo di stato civile, cittadinanza, residenza),<br \/>\noder<\/li>\n<li>falls <span style=\"text-decoration: underline;\">nicht<\/span> wohnhaft in Deutschland: <em>Ledigkeitsbescheinigung <\/em>(certificato di stato libero) und <em>Meldebescheinigung <\/em>(certificato di residenza), ausgestellt von der zust\u00e4ndigen Beh\u00f6rde des Herkunftlands mit deutscher \u00dcbersetzung;<\/li>\n<li>ein g\u00fcltiges Ausweisdokument (Reisepass oder, nur falls es sich um eine\/n EU-B\u00fcrger\/in handelt, Personalausweis);<\/li>\n<li>internationale Geburtsurkunde\u00b9, ausgestellt vom Herkunftsland<br \/>\noppure<br \/>\nGeburtsurkunde mit eventueller Beglaubigung und vereidigter \u00dcbersetzung auf Italienisch\u00b2.<a href=\"#_ftnref1\" name=\"_ftn1\"><\/a><a href=\"#_ftn1\" name=\"_ftnref1\"><\/a><\/li>\n<\/ul>\n<p style=\"text-align: justify;\">Au\u00dferdem:<\/p>\n<ul style=\"text-align: justify;\">\n<li style=\"list-style-type: none;\">\n<ul>\n<li><u>falls geschieden<\/u>: rechtskr\u00e4ftiges Scheidungsurteil, mit deutscher \u00dcbersetzung, falls die Scheidung nicht in Deutschland vollzogen worden ist;<\/li>\n<\/ul>\n<\/li>\n<\/ul>\n<ul style=\"text-align: justify;\">\n<li style=\"list-style-type: none;\">\n<ul>\n<li><u>falls verwitwet<\/u>: internationale Eheurkunde der vorherigen Ehe und internationale Sterbeurkunde des verstorbenen Ehepartners,\u00a0 wo dies nicht bereits vorhergesehen ist, mit deutscher \u00dcbersetzung;<\/li>\n<\/ul>\n<\/li>\n<\/ul>\n<ul style=\"text-align: justify;\">\n<li style=\"list-style-type: none;\">\n<ul>\n<li><u>falls minderj\u00e4hrig unter 18 Jahren<\/u>: Genehmigung des zust\u00e4ndigen Jugendgerichts, mit deutscher \u00dcbersetzung, falls der\/die Minderj\u00e4hrige nicht in Deutschland wohnhaft ist.<\/li>\n<\/ul>\n<\/li>\n<\/ul>\n<p style=\"text-align: justify;\"><a href=\"#_ftnref1\" name=\"_ftn1\"><\/a>Es sei gem\u00e4\u00df \u00a7 41 des Pr\u00e4sidentialdekrets Decreto del Presidente della Repubblica vom 28. Dezember 2000, Nr. 445 (art. 41 del D.P.R. 28 dicembre 200o, n. 445) darauf hingewiesen, dass alle <strong>Urkunden<\/strong>, die den Personenstand, pers\u00f6nliche Eigenschaften und Sachverhalte bescheinigen, und somit steten Ver\u00e4nderungen unterworfen sind, eine <strong>G\u00fcltigkeit von 6 Monaten<\/strong> haben. <strong><br \/>\n_____________<br \/>\n<\/strong><\/p>\n<p style=\"text-align: justify;\">\u00b9 Folgende Staaten haben die Wiener Konvention vom 08. September 1976 in Bezug auf die Ausstellung mehrsprachiger, standesamtlicher Urkunden verabschiedet und unterzeichnet: \u00d6sterreich, Belgien, Bosnien-Herzegovina, Bulgarien, Kap Verde, Kroatien, Estland, Frankreich, Deutschland, Italien, Lituanien, Luxemburg, Nordmazedonien, Moldavien, Montenegro, Niederlande, Polen, Portugal, Rum\u00e4nien, Serbien, Slovenien, Spanien, Schweiz, T\u00fcrkei. Aus diesem Grund sind die Ausz\u00fcge aus den Standesamtsregistern, die von dieser Konvention vorgesehen sind, befreit von Beglaubigung und \u00dcbersetzung.<\/p>\n<p style=\"text-align: justify;\">\u00b2 Von der Beglaubigung befreit sind die von folgenden L\u00e4ndern ausgestellten Geburtsurkunden: Argentinien, Luxemburg, Holland, Polen, Portugal, San Marino, Schweiz, T\u00fcrkei, Ungarn. Falls die \u00dcbersetzung im Ausland angefertigt wird, dann muss sie mit einer Apostille oder einer Beglaubigung der territorial zust\u00e4ndigen, italienischen Konsularvertretung versehen werden.<a href=\"#_ftnref1\" name=\"_ftn1\"><\/a><\/p>\n","protected":false},"excerpt":{"rendered":"Italienische Staatsangeh\u00f6rige, die vor einem deutschen Standesbeamten die Ehe schlie\u00dfen wollen, ben\u00f6tigen ein Ehef\u00e4higkeitszeugnis, welches vom italienischen Generalkonsulat ausgestellt wird, Euro 6,00 Geb\u00fchren + Versandkosten kostet und eine G\u00fcltigkeit von 6 Monaten hat. ANTRAGSVERFAHREN UND AUSSTELLUNG DES EHEF\u00c4HIGKEITSZEUGNISSES Das Ehef\u00e4higkeitszeugnis wird italienischen Staatsb\u00fcrgern ausgestellt, die im Register der im Ausland wohnhaften Italienern (AIRE) eingetragen sind. [&hellip;]","protected":false},"author":5,"featured_media":0,"parent":2898,"menu_order":2,"comment_status":"closed","ping_status":"closed","template":"","meta":{"footnotes":""},"class_list":["post-2926","page","type-page","status-publish","hentry"],"_links":{"self":[{"href":"https:\/\/conscolonia.esteri.it\/de\/wp-json\/wp\/v2\/pages\/2926","targetHints":{"allow":["GET"]}}],"collection":[{"href":"https:\/\/conscolonia.esteri.it\/de\/wp-json\/wp\/v2\/pages"}],"about":[{"href":"https:\/\/conscolonia.esteri.it\/de\/wp-json\/wp\/v2\/types\/page"}],"author":[{"embeddable":true,"href":"https:\/\/conscolonia.esteri.it\/de\/wp-json\/wp\/v2\/users\/5"}],"replies":[{"embeddable":true,"href":"https:\/\/conscolonia.esteri.it\/de\/wp-json\/wp\/v2\/comments?post=2926"}],"version-history":[{"count":9,"href":"https:\/\/conscolonia.esteri.it\/de\/wp-json\/wp\/v2\/pages\/2926\/revisions"}],"predecessor-version":[{"id":10685,"href":"https:\/\/conscolonia.esteri.it\/de\/wp-json\/wp\/v2\/pages\/2926\/revisions\/10685"}],"up":[{"embeddable":true,"href":"https:\/\/conscolonia.esteri.it\/de\/wp-json\/wp\/v2\/pages\/2898"}],"wp:attachment":[{"href":"https:\/\/conscolonia.esteri.it\/de\/wp-json\/wp\/v2\/media?parent=2926"}],"curies":[{"name":"wp","href":"https:\/\/api.w.org\/{rel}","templated":true}]}}