{"id":277,"date":"2023-02-02T20:49:35","date_gmt":"2023-02-02T19:49:35","guid":{"rendered":"https:\/\/conscolonia.esteri.it\/servizi-consolari-e-visti\/servizi-per-il-cittadino-straniero\/visti\/"},"modified":"2023-02-02T20:56:52","modified_gmt":"2023-02-02T19:56:52","slug":"visti","status":"publish","type":"page","link":"https:\/\/conscolonia.esteri.it\/de\/servizi-consolari-e-visti\/servizi-per-il-cittadino-straniero\/visti\/","title":{"rendered":"Visa"},"content":{"rendered":"<p><strong>Informationen zu Visa-Fragen<\/strong><\/p>\n<p>Das\u00a0<strong>Italienische Au\u00dfenministerium<\/strong>\u00a0bietet Informationen &#8211; in italienischer, englischer, franz\u00f6sischer und spanischer Sprache &#8211; zum Thema\u00a0<a href=\"http:\/\/www.esteri.it\/mae\/it\/ministero\/normativaonline\/normativa_consolare\/visti\">Visum<\/a>.<\/p>\n<p><strong>Fragen zu Visa<\/strong>\u00a0werden in Deutschland zentral vom Italienischen Generalkonsulat<strong>\u00a0in Frankfurt am Main bearbeitet<\/strong>.<\/p>\n<p><strong>Italienisches Generalkonsulat Frankfurt am Main<\/strong><br \/>\nDanziger Platz 12<br \/>\n60314 Francoforte sul Meno<br \/>\nTel.: +49 (0)69 &#8211; 7531 &#8211; 0<br \/>\nFax: +49 (0)69 7531-104<strong><br \/>\n<\/strong><\/p>\n<p><strong><a>visti.francoforte@esteri.it<\/a><br \/>\nsegreteria.francoforte@esteri.it<\/strong><br \/>\n<a href=\"https:\/\/conscolonia.esteri.it\/consolato_colonia\/consfrancoforte.esteri.it\"><strong>www.consfrancoforte.esteri.it<\/strong><\/a><\/p>\n<p><strong>\u00d6ffnungszeiten Mo. &#8211; Fr. 8.30 bis 12.00 Uhr<\/strong><\/p>\n<p>&nbsp;<\/p>\n<p>Stark vereinfacht gilt:<\/p>\n<p>B\u00fcrger von Drittl\u00e4ndern k\u00f6nnen\u00a0<strong>ohne Visum nach Italien<\/strong>\u00a0einreisen,<br \/>\n<strong>wenn<\/strong>\u00a0sie\u00a0eines der folgenden Dokumente\u00a0vorweisen k\u00f6nnen:<\/p>\n<ul>\n<li><strong>Aufenthaltserlaubnis<\/strong><\/li>\n<li><strong>Aufenthaltsberechtigung<\/strong><\/li>\n<li><strong>Aufenthaltsbewilligung<\/strong><\/li>\n<li><strong>oder Aufenthaltsbefugnis<\/strong><\/li>\n<li><strong>oder ein Visum f\u00fcr eines der Mitgliedsl\u00e4nder des Schengener Abkommens<\/strong><\/li>\n<\/ul>\n<p>Alle anderen Ausl\u00e4nder ben\u00f6tigen ein Visum.<\/p>\n","protected":false},"excerpt":{"rendered":"Informationen zu Visa-Fragen Das\u00a0Italienische Au\u00dfenministerium\u00a0bietet Informationen &#8211; in italienischer, englischer, franz\u00f6sischer und spanischer Sprache &#8211; zum Thema\u00a0Visum. Fragen zu Visa\u00a0werden in Deutschland zentral vom Italienischen Generalkonsulat\u00a0in Frankfurt am Main bearbeitet. Italienisches Generalkonsulat Frankfurt am Main Danziger Platz 12 60314 Francoforte sul Meno Tel.: +49 (0)69 &#8211; 7531 &#8211; 0 Fax: +49 (0)69 7531-104 visti.francoforte@esteri.it segreteria.francoforte@esteri.it [&hellip;]","protected":false},"author":3,"featured_media":0,"parent":7657,"menu_order":0,"comment_status":"closed","ping_status":"closed","template":"","meta":{"footnotes":""},"class_list":["post-277","page","type-page","status-publish","hentry"],"_links":{"self":[{"href":"https:\/\/conscolonia.esteri.it\/de\/wp-json\/wp\/v2\/pages\/277","targetHints":{"allow":["GET"]}}],"collection":[{"href":"https:\/\/conscolonia.esteri.it\/de\/wp-json\/wp\/v2\/pages"}],"about":[{"href":"https:\/\/conscolonia.esteri.it\/de\/wp-json\/wp\/v2\/types\/page"}],"author":[{"embeddable":true,"href":"https:\/\/conscolonia.esteri.it\/de\/wp-json\/wp\/v2\/users\/3"}],"replies":[{"embeddable":true,"href":"https:\/\/conscolonia.esteri.it\/de\/wp-json\/wp\/v2\/comments?post=277"}],"version-history":[{"count":0,"href":"https:\/\/conscolonia.esteri.it\/de\/wp-json\/wp\/v2\/pages\/277\/revisions"}],"up":[{"embeddable":true,"href":"https:\/\/conscolonia.esteri.it\/de\/wp-json\/wp\/v2\/pages\/7657"}],"wp:attachment":[{"href":"https:\/\/conscolonia.esteri.it\/de\/wp-json\/wp\/v2\/media?parent=277"}],"curies":[{"name":"wp","href":"https:\/\/api.w.org\/{rel}","templated":true}]}}