{"id":2695,"date":"2023-02-14T15:10:45","date_gmt":"2023-02-14T14:10:45","guid":{"rendered":"https:\/\/conscolonia.esteri.it\/?page_id=2695"},"modified":"2026-03-18T17:26:17","modified_gmt":"2026-03-18T16:26:17","slug":"2695-2","status":"publish","type":"page","link":"https:\/\/conscolonia.esteri.it\/de\/servizi-consolari-e-visti\/servizi-per-il-cittadino-straniero\/cittadinanza\/2695-2\/","title":{"rendered":"ITALIENISCHE STAATSB\u00dcRGERSCHAFT &#8211; Aufgrund von Abstammung &#8222;iure sanguinis&#8220; (Blutsrecht)"},"content":{"rendered":"<p style=\"text-align: justify;\" align=\"left\"><a href=\"https:\/\/portaleservizi.dlci.interno.it\/AliCittadinanza\/ali\/home.htm\"><img loading=\"lazy\" decoding=\"async\" class=\"wp-image-2665 img-fluid\" src=\"https:\/\/conscolonia.esteri.it\/wp-content\/uploads\/2023\/08\/csm_def_k28__eb1f98c858-1.jpg\" alt=\"\" width=\"201\" height=\"124\" \/><\/a><\/p>\n<p style=\"text-align: justify;\"><u>Dieser Abschnitt betrifft ausschlie\u00dflich ausl\u00e4ndische, <strong>vollj\u00e4hrige<\/strong> Staatsb\u00fcrger, die aufgrund ihrer italienischen Abstammung die <strong>italienische Staatsb\u00fcrgerschaft anerkennen<\/strong> lassen wollen.<\/u><\/p>\n<p style=\"text-align: justify;\"><u>Italienische Staatsb\u00fcrger, die ihre <strong>gerade geborenen Kinder oder<\/strong> auch ihre <strong>noch minderj\u00e4hrigen Kinder<\/strong> <strong>registrieren <\/strong>lassen wollen, m\u00fcssen hingegen den diesbez\u00fcglichen Themenbereich auf der Webseite \u201e<\/u><a href=\"https:\/\/conscolonia.esteri.it\/de\/servizi-consolari-e-visti\/servizi-per-il-cittadino-italiano\/stato-civile\/geburt-registrierung-in-italien-eines-im-ausland-geborenen-kindes\/\"><strong>Standesamt \u2013 Registrierung der Geburt<\/strong><\/a><strong><u>\u201e<\/u><\/strong><u> konsultieren.<\/u><\/p>\n<p style=\"text-align: justify;\">Das <strong>Gesetz vom 23. Mai 2025, Nr. 74<\/strong>, (legge 23 maggio 2025, n. 74), welches das Gesetzesdekret vom 28. M\u00e4rz 2025, Nr. 36 (decreto-legge 28 marzo 2025, n. 36) in ein Gesetz umgewandelt hat, hat die F\u00e4lle, in denen die italienische Staatsb\u00fcrgerschaft \u00fcbertragen werden kann, deutlich eingeschr\u00e4nkt und hat das <strong>Gesetz vom 05. Februar 1992, Nr. 91<\/strong> reformiert, dessen neuer, vollst\u00e4ndiger Wortlaut <a href=\"https:\/\/conscolonia.esteri.it\/wp-content\/uploads\/2025\/06\/2025_05_24_nuovo_testo_legge91_1992.pdf\"><strong>unter folgendem Link<\/strong><\/a> einzusehen ist.<\/p>\n<p style=\"text-align: justify;\">Nach dem neu reformierten Gesetz n. 91 von 1992 <strong><u>erwirbt<\/u> eine im Ausland geborene Person<\/strong>, die italienische Eltern hat, <strong><u>nicht automatisch<\/u> die italienische Staatsangeh\u00f6rigkeit<\/strong>. Die Staatsangeh\u00f6rigkeit wird erworben, wenn mindestens eine der folgenden Bedingungen erf\u00fcllt ist:<\/p>\n<ol style=\"text-align: justify;\">\n<li><strong>Das italienische Elternteil hat, nach der eigenen Erlangung der italienischen Staatsangeh\u00f6rigkeit und vor der Geburt des Kindes, mindestens zwei Jahre ununterbrochen in Italien gelebt.<\/strong> Dabei spielen weder die Dauer des Aufenthaltes in Italien vor der Erlangung der italienischen Staatsangeh\u00f6rigkeit des italienischen Elternteils eine Rolle noch die Dauer des Aufenthaltes des ausl\u00e4ndischen Elternteils.<\/li>\n<li><strong>Ein Elternteil oder ein Gro\u00dfelternteil besitzt oder besa\u00df zum Zeitpunkt des Todes, bei Geburt des Kindes ausschlie\u00dflich die italienische Staatsangeh\u00f6rigkeit.<\/strong> Es sind keine Selbsterkl\u00e4rungen bez\u00fcglich des Besitzes bzw. Nichtbesitzes anderer Staatsangeh\u00f6rigkeiten zugelassen.<\/li>\n<\/ol>\n<p style=\"text-align: center;\">******************************<\/p>\n<p style=\"text-align: justify;\">In Anbetracht des neuen Gesetzes sei darauf hingewiesen, dass:<\/p>\n<p style=\"text-align: justify;\"><strong>1) Nur die vor dem 27. M\u00e4rz 2025 um 23:59 Uhr (italienische Zeit) und mit den notwendigen Unterlagen versehenen, eingereichten Antr\u00e4ge folgen der vorherigen Gesetzgebung.<\/strong><\/p>\n<p style=\"text-align: justify;\">Unter <em>\u201eeingereichten\u201c<\/em> Antr\u00e4gen versteht man:<br \/>\n\u2013 Antr\u00e4ge, die am Schalter des Generalkonsulats der Italienischen Republik in K\u00f6ln vor dem oben angegebenen Datum und vor der oben angegebenen Uhrzeit eingereicht worden sind;<br \/>\n\u2013 per Post eingereichte Antr\u00e4ge mit Trackingnummer: Datum und Uhrzeit der Trackingnummer m\u00fcssen vor dem oben angegebenen Datum und vor der oben angegebenen Uhrzeit liegen;<br \/>\n\u2013 per Post eingereichte Antr\u00e4ge ohne Trackingnummer: m\u00fcssen im Generalkonsulat vor dem oben angegebenen Datum und vor der oben angegebenen Uhrzeit eingegangen sein;<\/p>\n<p style=\"text-align: justify;\"><strong>2) Nur die mit den notwendigen Unterlagen versehenen Unterlagen, die beim Konsularb\u00fcro <em>a<\/em>m Tag des dem Betreffenden vom zust\u00e4ndigen B\u00fcro mitgeteilten Termins nicht sp\u00e4ter als 23:59 Uhr (Ortszeit Rom) am 27. M\u00e4rz 2025 eingereicht worden sind, folgen der vorherigen Gesetzgebung.<\/strong><\/p>\n<p style=\"text-align: justify;\"><u>Dieses Generalkonsulat hatte zu diesem Zeitpunkt keine noch zu bearbeitenden Termine mehr.\u00a0<\/u><\/p>\n<p style=\"text-align: justify;\"><strong>3) Bei jedem anderen Umstand wird bei den Antr\u00e4gen die neue Gesetzgebung angewendet werden.<\/strong><\/p>\n<p>&nbsp;<\/p>\n<h6 style=\"text-align: justify;\"><span style=\"color: #0000ff;\"><strong>EINREICHEN DES ANTRAGS<\/strong><\/span><\/h6>\n<p style=\"text-align: justify;\">Der Antrag muss immer am aktuellen Wohnsitz des Antragstellers gestellt werden: <a href=\"https:\/\/serviziconsolari.esteri.it\/ScoFE\/index.sco?cid=2557232\">bei der territorial zust\u00e4ndigen Konsularbeh\u00f6rde<\/a>, wenn der Antragsteller seinen Wohnsitz im Ausland hat oder bei der Heimatgemeinde, wenn er seinen Wohnsitz in Italien hat.<br \/>\nDer Wohnsitz muss nachgewiesen werden.<\/p>\n<p style=\"text-align: justify;\">Um den Antrag auf Staatsb\u00fcrgerschaft beim Generalkonsulat der Italienischen Republik in K\u00f6ln zu stellen muss man:<\/p>\n<ol style=\"text-align: justify;\">\n<li>alle in der unten beigef\u00fcgten Check-Liste aufgelisteten Unterlagen sammeln;<\/li>\n<li>einen Termin vereinbaren mittels Email an: <a href=\"mailto:colonia.cittadinanza@esteri.it\">colonia.cittadinanza@esteri.it<\/a> und dabei die Personaldaten des Antragstellers sowie den effektiven Wohnsitz in Deutschland angeben.<\/li>\n<\/ol>\n<p style=\"text-align: justify;\">Am Tag des Termins muss der Antragsteller die gesamten Unterlagen im Original vorlegen zusammen mit den Beglaubigungen und \u00dcbersetzungen, genau so wie es auf der unten beigef\u00fcgten <strong>Check-Liste<\/strong> angegeben ist. <strong><u>Per Post zugestellte Antr\u00e4ge werden NICHT akzeptiert.<\/u>\u00a0<\/strong><\/p>\n<p style=\"text-align: justify;\"><strong>Nach einer ersten Begutachtung der Unterlagen beh\u00e4lt es sich Abteilung f\u00fcr Staatsb\u00fcrgerschaftsangelegenheiten vor, auch weitere Nachweise und unterst\u00fctzende Unterlagen anzufordern.<\/strong><\/p>\n<p style=\"text-align: justify;\"><strong>Die eingereichten Original-Unterlagen werden nicht mehr zur\u00fcck gegeben.<\/strong><\/p>\n<p style=\"text-align: justify;\">Die Antragstellung auf die italienische Staatsb\u00fcrgerschaft kostet <strong>\u20ac 600,00<\/strong> (gem\u00e4\u00df \u00a7 7-bis der dem Gesetzdekret Nr. 71\/2011 angeh\u00e4ngten <a href=\"https:\/\/conscolonia.esteri.it\/wp-content\/uploads\/2025\/02\/tariffa_consolare_aggiornata__2025rev-FINale.pdf\">konsularischen Geb\u00fchrenordnung,<\/a> die gem\u00e4\u00df Gesetzesdekret vom 18. September 2024, Nr. 139 und dem Gesetz vom 30. Dezember 2024, Nr. 207 aktualisiert worden ist). Diese Geb\u00fchr wird auch im Fall von Ablehnung des Antrags nicht zur\u00fcckerstattet. Normalerweise wird die Bezahlung am Tag des Termins an der automatischen Kasse des Konsulats vorgenommen, entweder in bar oder mit deutscher EC-Karte (Bancomat).<\/p>\n<p style=\"text-align: justify;\">Gem\u00e4\u00df den geltenden Vorschriften betr\u00e4gt die maximale Dauer des Verfahrens <strong>36 Monate f\u00fcr Antr\u00e4ge, die ab dem 1. Januar 2026 eingereicht werden<\/strong>. F\u00fcr zuvor eingereichte Antr\u00e4ge bleibt die Frist auf <strong>730 Tage<\/strong> ab dem Datum der Einreichung der vollst\u00e4ndigen Unterlagen festgelegt. Nach Abschluss der Pr\u00fcfung wird das Generalkonsulat eine offizielle Mitteilung senden.<\/p>\n<p>Links:<\/p>\n<ul>\n<li><a href=\"https:\/\/conscolonia.esteri.it\/wp-content\/uploads\/2025\/11\/2025_11_12_Elenco-documenti-per-cittadinanza-per-discedenza_DE.pdf\">CHECK-LIST<\/a><\/li>\n<li><a href=\"https:\/\/conscolonia.esteri.it\/wp-content\/uploads\/2025\/07\/DE-2025_07_16_formulario_cittadinanza_JS_aggiornato_23-07-2025.pdf\">Antragsformular &#8211; IURE SANGUINIS<\/a><\/li>\n<li><a href=\"https:\/\/conscolonia.esteri.it\/wp-content\/uploads\/2025\/10\/Modulo_A_dich.residenza_genitore_in_vita.pdf\">MODULO A \u2013 eidestattliche Erkl\u00e4rung des noch lebenden Elternteils<\/a><\/li>\n<li><a href=\"https:\/\/conscolonia.esteri.it\/wp-content\/uploads\/2025\/10\/Modulo_B_dich.residenza_genitore_deceduto.pdf\">MODULO B \u2013 eidestattliche Erkl\u00e4rung des verstorbenen Elternteils<\/a><\/li>\n<\/ul>\n","protected":false},"excerpt":{"rendered":"Dieser Abschnitt betrifft ausschlie\u00dflich ausl\u00e4ndische, vollj\u00e4hrige Staatsb\u00fcrger, die aufgrund ihrer italienischen Abstammung die italienische Staatsb\u00fcrgerschaft anerkennen lassen wollen. Italienische Staatsb\u00fcrger, die ihre gerade geborenen Kinder oder auch ihre noch minderj\u00e4hrigen Kinder registrieren lassen wollen, m\u00fcssen hingegen den diesbez\u00fcglichen Themenbereich auf der Webseite \u201eStandesamt \u2013 Registrierung der Geburt\u201e konsultieren. Das Gesetz vom 23. Mai 2025, Nr. [&hellip;]","protected":false},"author":5,"featured_media":0,"parent":287,"menu_order":2,"comment_status":"closed","ping_status":"closed","template":"","meta":{"footnotes":""},"class_list":["post-2695","page","type-page","status-publish","hentry"],"_links":{"self":[{"href":"https:\/\/conscolonia.esteri.it\/de\/wp-json\/wp\/v2\/pages\/2695","targetHints":{"allow":["GET"]}}],"collection":[{"href":"https:\/\/conscolonia.esteri.it\/de\/wp-json\/wp\/v2\/pages"}],"about":[{"href":"https:\/\/conscolonia.esteri.it\/de\/wp-json\/wp\/v2\/types\/page"}],"author":[{"embeddable":true,"href":"https:\/\/conscolonia.esteri.it\/de\/wp-json\/wp\/v2\/users\/5"}],"replies":[{"embeddable":true,"href":"https:\/\/conscolonia.esteri.it\/de\/wp-json\/wp\/v2\/comments?post=2695"}],"version-history":[{"count":8,"href":"https:\/\/conscolonia.esteri.it\/de\/wp-json\/wp\/v2\/pages\/2695\/revisions"}],"predecessor-version":[{"id":11966,"href":"https:\/\/conscolonia.esteri.it\/de\/wp-json\/wp\/v2\/pages\/2695\/revisions\/11966"}],"up":[{"embeddable":true,"href":"https:\/\/conscolonia.esteri.it\/de\/wp-json\/wp\/v2\/pages\/287"}],"wp:attachment":[{"href":"https:\/\/conscolonia.esteri.it\/de\/wp-json\/wp\/v2\/media?parent=2695"}],"curies":[{"name":"wp","href":"https:\/\/api.w.org\/{rel}","templated":true}]}}