{"id":268,"date":"2023-02-02T20:46:35","date_gmt":"2023-02-02T19:46:35","guid":{"rendered":"https:\/\/conscolonia.esteri.it\/servizi-consolari-e-visti\/servizi-per-il-cittadino-italiano\/anagrafe-degli-italiani-residenti-allestero-aire\/"},"modified":"2025-01-28T09:36:31","modified_gmt":"2025-01-28T08:36:31","slug":"anagrafe-degli-italiani-residenti-allestero-aire","status":"publish","type":"page","link":"https:\/\/conscolonia.esteri.it\/de\/servizi-consolari-e-visti\/servizi-per-il-cittadino-italiano\/anagrafe-degli-italiani-residenti-allestero-aire\/","title":{"rendered":"MELDEREGISTER A.I.R.E. (ANAGRAFE DEGLI ITALIANI RESIDENTI ALL&#8216; ESTERO) DER IM AUSLAND LEBENDEN ITALIENER*INNEN"},"content":{"rendered":"<div class=\"entry-content\">\n<div class=\"entry-content\">\n<p><a href=\"https:\/\/serviziconsolari.esteri.it\/ScoFE\/index.sco\"><img loading=\"lazy\" decoding=\"async\" class=\"\" src=\"https:\/\/conscolonia.esteri.it\/wp-content\/uploads\/2023\/04\/FastIt.jpg\" width=\"197\" height=\"65\" \/><\/a><\/p>\n<p><strong>MELDEREGISTER A.I.R.E.<\/strong><\/p>\n<p><strong>REGISTRIERUNG IM MELDEREGISTER A.I.R.E. F\u00dcR IM AUSLAND LEBENDE ITALIENER*INNEN<br \/>\n<\/strong><\/p>\n<p>A.I.R.E. bedeutet Anagrafe degli Italiani Residenti all\u2019Estero, also Melderegister f\u00fcr im Ausland lebende Italiener*innen, und ist mit dem Gesetz vom 27. Oktober 1988, Nr. 470 (<a href=\"https:\/\/www.normattiva.it\/uri-res\/N2Ls?urn:nir:stato:legge:1988-10-27;470!vig=\">Legge 27 ottobre 1988, n. 470<\/a>) eingef\u00fchrt worden. Das Melderegister A.I.R.E. wird von den\u00a0 italienischen Herkunftsgemeinden auf Basis der von den konsularischen Auslandsvertretungen zur Verf\u00fcgung gestellten Daten und Informationen gepflegt. Die konkrete Aus\u00fcbung zahlreicher, von der italienischen Verfassung vorgesehenen Grundrechten h\u00e4ngt von der Registierung im Melderegister ab; falls diese folglich nicht korrekt vorgenommen wird, hat dies negative Konsequenzen zur Folge, wie z.B. beim Wahlrecht, bei Angelegenheiten im Gesundheitssektor, im Sozialwesen und Steuerrecht sowie im b\u00fcrgerrechtlichen und pers\u00f6nlichen Bereich.<\/p>\n<\/div>\n<\/div>\n","protected":false},"excerpt":{"rendered":"MELDEREGISTER A.I.R.E. REGISTRIERUNG IM MELDEREGISTER A.I.R.E. F\u00dcR IM AUSLAND LEBENDE ITALIENER*INNEN A.I.R.E. bedeutet Anagrafe degli Italiani Residenti all\u2019Estero, also Melderegister f\u00fcr im Ausland lebende Italiener*innen, und ist mit dem Gesetz vom 27. Oktober 1988, Nr. 470 (Legge 27 ottobre 1988, n. 470) eingef\u00fchrt worden. Das Melderegister A.I.R.E. wird von den\u00a0 italienischen Herkunftsgemeinden auf Basis der [&hellip;]","protected":false},"author":3,"featured_media":0,"parent":7656,"menu_order":1,"comment_status":"closed","ping_status":"closed","template":"","meta":{"footnotes":""},"class_list":["post-268","page","type-page","status-publish","hentry"],"_links":{"self":[{"href":"https:\/\/conscolonia.esteri.it\/de\/wp-json\/wp\/v2\/pages\/268","targetHints":{"allow":["GET"]}}],"collection":[{"href":"https:\/\/conscolonia.esteri.it\/de\/wp-json\/wp\/v2\/pages"}],"about":[{"href":"https:\/\/conscolonia.esteri.it\/de\/wp-json\/wp\/v2\/types\/page"}],"author":[{"embeddable":true,"href":"https:\/\/conscolonia.esteri.it\/de\/wp-json\/wp\/v2\/users\/3"}],"replies":[{"embeddable":true,"href":"https:\/\/conscolonia.esteri.it\/de\/wp-json\/wp\/v2\/comments?post=268"}],"version-history":[{"count":7,"href":"https:\/\/conscolonia.esteri.it\/de\/wp-json\/wp\/v2\/pages\/268\/revisions"}],"predecessor-version":[{"id":8259,"href":"https:\/\/conscolonia.esteri.it\/de\/wp-json\/wp\/v2\/pages\/268\/revisions\/8259"}],"up":[{"embeddable":true,"href":"https:\/\/conscolonia.esteri.it\/de\/wp-json\/wp\/v2\/pages\/7656"}],"wp:attachment":[{"href":"https:\/\/conscolonia.esteri.it\/de\/wp-json\/wp\/v2\/media?parent=268"}],"curies":[{"name":"wp","href":"https:\/\/api.w.org\/{rel}","templated":true}]}}