{"id":2673,"date":"2023-02-14T15:13:14","date_gmt":"2023-02-14T14:13:14","guid":{"rendered":"https:\/\/conscolonia.esteri.it\/?page_id=2673"},"modified":"2025-12-18T09:41:58","modified_gmt":"2025-12-18T08:41:58","slug":"2673-2","status":"publish","type":"page","link":"https:\/\/conscolonia.esteri.it\/de\/servizi-consolari-e-visti\/servizi-per-il-cittadino-straniero\/cittadinanza\/2673-2\/","title":{"rendered":"ITALIENISCHE STAATSB\u00dcRGERSCHAFT &#8211; Aufgrund von Heirat &#8222;iure matrimonii&#8220;"},"content":{"rendered":"<p><a href=\"https:\/\/www.interno.gov.it\/it\/search?search_fulltext=Cittadinanza\"><img loading=\"lazy\" decoding=\"async\" class=\" wp-image-2665 img-fluid alignleft\" src=\"https:\/\/conscolonia.esteri.it\/wp-content\/uploads\/2023\/08\/csm_def_k28__eb1f98c858-1.jpg\" alt=\"\" width=\"184\" height=\"114\" \/><\/a><\/p>\n<p style=\"text-align: justify;\">In Bezugnahme auf die aktuelle Gesetzgebung, die die Kenntnis der italienischen Sprache voraussetzt, werden alle Informationen bez\u00fcglich der italienischen Staatsb\u00fcrgerschaft aufgrund von Heirat oder einer eingetragenen Lebensgemeinschaft mit einem italienischen*r Staatsb\u00fcrger*in auf dieser Homepage nur in italienischer Sprache ver\u00f6ffentlicht.<br \/>\nAll diejenigen, die die italienische Staatsb\u00fcrgerschaft aufgrund von Heirat oder einer eingetragenen Lebensgemeinschaft mit einem*r italienischen*r Staatsb\u00fcrger*in beantragen, m\u00fcssen ihre Pflichten bez\u00fcglich der Italienischen Republik kennen, allen voran, das Bekenntnis zu\u00a0 den nationalen Werten sowie tadelloses Verhalten.<em><br \/>\n<\/em><\/p>\n<p style=\"text-align: justify;\"><a href=\"https:\/\/conscolonia.esteri.it\/it\/servizi-consolari-e-visti\/servizi-per-il-cittadino-straniero\/cittadinanza\/cittadinanza-per-matrimonio-o-unione-civile\/\">F\u00fcr weiterf\u00fchrende M\u00f6glichkeiten konsultieren Sie bitte die Homepage in italienischer Sprache<\/a><\/p>\n","protected":false},"excerpt":{"rendered":"In Bezugnahme auf die aktuelle Gesetzgebung, die die Kenntnis der italienischen Sprache voraussetzt, werden alle Informationen bez\u00fcglich der italienischen Staatsb\u00fcrgerschaft aufgrund von Heirat oder einer eingetragenen Lebensgemeinschaft mit einem italienischen*r Staatsb\u00fcrger*in auf dieser Homepage nur in italienischer Sprache ver\u00f6ffentlicht. All diejenigen, die die italienische Staatsb\u00fcrgerschaft aufgrund von Heirat oder einer eingetragenen Lebensgemeinschaft mit einem*r italienischen*r [&hellip;]","protected":false},"author":5,"featured_media":0,"parent":287,"menu_order":3,"comment_status":"closed","ping_status":"closed","template":"","meta":{"footnotes":""},"class_list":["post-2673","page","type-page","status-publish","hentry"],"_links":{"self":[{"href":"https:\/\/conscolonia.esteri.it\/de\/wp-json\/wp\/v2\/pages\/2673","targetHints":{"allow":["GET"]}}],"collection":[{"href":"https:\/\/conscolonia.esteri.it\/de\/wp-json\/wp\/v2\/pages"}],"about":[{"href":"https:\/\/conscolonia.esteri.it\/de\/wp-json\/wp\/v2\/types\/page"}],"author":[{"embeddable":true,"href":"https:\/\/conscolonia.esteri.it\/de\/wp-json\/wp\/v2\/users\/5"}],"replies":[{"embeddable":true,"href":"https:\/\/conscolonia.esteri.it\/de\/wp-json\/wp\/v2\/comments?post=2673"}],"version-history":[{"count":5,"href":"https:\/\/conscolonia.esteri.it\/de\/wp-json\/wp\/v2\/pages\/2673\/revisions"}],"predecessor-version":[{"id":9947,"href":"https:\/\/conscolonia.esteri.it\/de\/wp-json\/wp\/v2\/pages\/2673\/revisions\/9947"}],"up":[{"embeddable":true,"href":"https:\/\/conscolonia.esteri.it\/de\/wp-json\/wp\/v2\/pages\/287"}],"wp:attachment":[{"href":"https:\/\/conscolonia.esteri.it\/de\/wp-json\/wp\/v2\/media?parent=2673"}],"curies":[{"name":"wp","href":"https:\/\/api.w.org\/{rel}","templated":true}]}}