{"id":2579,"date":"2023-04-27T11:51:23","date_gmt":"2023-04-27T09:51:23","guid":{"rendered":"https:\/\/conscolonia.esteri.it\/?page_id=2579"},"modified":"2025-11-10T15:44:43","modified_gmt":"2025-11-10T14:44:43","slug":"a-i-r-e-ummeldung","status":"publish","type":"page","link":"https:\/\/conscolonia.esteri.it\/de\/servizi-consolari-e-visti\/servizi-per-il-cittadino-italiano\/anagrafe-degli-italiani-residenti-allestero-aire\/a-i-r-e-ummeldung\/","title":{"rendered":"MELDEREGISTER A.I.R.E. &#8211; Umzug von\/in einen anderen Konsularbezirk"},"content":{"rendered":"<p><a href=\"https:\/\/serviziconsolari.esteri.it\/ScoFE\/index.sco\"><img loading=\"lazy\" decoding=\"async\" class=\"\" src=\"https:\/\/conscolonia.esteri.it\/wp-content\/uploads\/2023\/04\/FastIt.jpg\" width=\"267\" height=\"88\" \/><\/a><\/p>\n<p>Um Ihren Umzug von einem Konsularbezirk (z.B. von London, Berlin, Paris oder Kuala Lumpur) in den Konsularbezirk K\u00f6ln anzumelden, m\u00fcssen Sie eine Adress\u00e4nderung im Portal <a href=\"https:\/\/serviziconsolari.esteri.it\/ScoFE\/index.sco\"><strong>Fast It<\/strong><\/a> vornehmen. Bitte den neuen Wohnort aus der vorgegebenen Liste ausw\u00e4hlen.<\/p>\n<p>&nbsp;<\/p>\n","protected":false},"excerpt":{"rendered":"Um Ihren Umzug von einem Konsularbezirk (z.B. von London, Berlin, Paris oder Kuala Lumpur) in den Konsularbezirk K\u00f6ln anzumelden, m\u00fcssen Sie eine Adress\u00e4nderung im Portal Fast It vornehmen. Bitte den neuen Wohnort aus der vorgegebenen Liste ausw\u00e4hlen. &nbsp;","protected":false},"author":5,"featured_media":0,"parent":268,"menu_order":4,"comment_status":"closed","ping_status":"closed","template":"","meta":{"footnotes":""},"class_list":["post-2579","page","type-page","status-publish","hentry"],"_links":{"self":[{"href":"https:\/\/conscolonia.esteri.it\/de\/wp-json\/wp\/v2\/pages\/2579","targetHints":{"allow":["GET"]}}],"collection":[{"href":"https:\/\/conscolonia.esteri.it\/de\/wp-json\/wp\/v2\/pages"}],"about":[{"href":"https:\/\/conscolonia.esteri.it\/de\/wp-json\/wp\/v2\/types\/page"}],"author":[{"embeddable":true,"href":"https:\/\/conscolonia.esteri.it\/de\/wp-json\/wp\/v2\/users\/5"}],"replies":[{"embeddable":true,"href":"https:\/\/conscolonia.esteri.it\/de\/wp-json\/wp\/v2\/comments?post=2579"}],"version-history":[{"count":6,"href":"https:\/\/conscolonia.esteri.it\/de\/wp-json\/wp\/v2\/pages\/2579\/revisions"}],"predecessor-version":[{"id":10862,"href":"https:\/\/conscolonia.esteri.it\/de\/wp-json\/wp\/v2\/pages\/2579\/revisions\/10862"}],"up":[{"embeddable":true,"href":"https:\/\/conscolonia.esteri.it\/de\/wp-json\/wp\/v2\/pages\/268"}],"wp:attachment":[{"href":"https:\/\/conscolonia.esteri.it\/de\/wp-json\/wp\/v2\/media?parent=2579"}],"curies":[{"name":"wp","href":"https:\/\/api.w.org\/{rel}","templated":true}]}}