{"id":2573,"date":"2023-04-27T11:49:39","date_gmt":"2023-04-27T09:49:39","guid":{"rendered":"https:\/\/conscolonia.esteri.it\/?page_id=2573"},"modified":"2025-01-14T09:31:12","modified_gmt":"2025-01-14T08:31:12","slug":"2573-2","status":"publish","type":"page","link":"https:\/\/conscolonia.esteri.it\/de\/servizi-consolari-e-visti\/servizi-per-il-cittadino-italiano\/anagrafe-degli-italiani-residenti-allestero-aire\/2573-2\/","title":{"rendered":"MELDEREGISTER A.I.R.E. &#8211; Repatriierung: Umzug ins alte Heimatland Italien"},"content":{"rendered":"<p><strong>MELDEREGISTER A.I.R.E.<\/strong><\/p>\n<p>Bevor Sie definitiv nach Italien zur\u00fcckkehren k\u00f6nnen<strong> (Repatriierung)<\/strong>, m\u00fcssen Sie sich <strong>bei der deutschen Gemeinde abmelden<\/strong>, in der Sie Ihren Wohnsitz haben (<strong>Abmeldung<\/strong>). Sobald Sie wieder in Italien leben, m\u00fcssen Sie sich beim <strong>Melderegister Ihrer Heimatgemeinde Ufficio Anagrafe del Comune <\/strong>melden und dort Ihren neuen Wohnsitz anmelden.<\/p>\n<p>Noch am gleichen Tag wird sich Ihre Heimatgemeinde um folgendes k\u00fcmmern:<\/p>\n<ul>\n<li><strong>Abmeldung beim A.I.R.E.-Melderegister<\/strong> f\u00fcr im Ausland lebende, italienische Staatsb\u00fcrger*innen (= <strong>cancellazione dall&#8217;A.I.R.E.<\/strong>) und gleichzeitige Anmeldung im Nationalen Melderegister APR (= Anagrafe Popolazione Residente);<\/li>\n<li><strong>offizielle Mitteilung an das Generalkonsulat K\u00f6ln<\/strong> mit dem Datum, ab dem die <strong>Repatriierung (rimpatrio) wirksam<\/strong> wird<\/li>\n<\/ul>\n<p>Sie als ehemaliger in Deutschland lebender, italienischer Staatsb\u00fcrger k\u00f6nnen dem Generalkonsulat K\u00f6ln Ihre &#8222;Abmeldung&#8220; per Email an <a href=\"mailto:anagrafe.colonia@esteri.it\">anagrafe.colonia@esteri.it<\/a> zukommen lassen. Aber offiziell ist Ihre Repatriierung ab dem Moment wirksam, in dem Sie sich in Ihrer italienischen Heimatgemeinde angemeldet haben.<\/p>\n<p><strong>HINWEIS:<\/strong><br \/>\nErinnern Sie sich bitte daran, auch Ihrer deutschen Krankenkasse rechtzeitig die <strong>&#8222;Abmeldung&#8220; (= cancellazione)<\/strong> Ihrer deutschen Gemeinde, in der Sie Ihren Wohnsitz hatten, zukommen zu lassen.<\/p>\n<p>&nbsp;<\/p>\n","protected":false},"excerpt":{"rendered":"MELDEREGISTER A.I.R.E. Bevor Sie definitiv nach Italien zur\u00fcckkehren k\u00f6nnen (Repatriierung), m\u00fcssen Sie sich bei der deutschen Gemeinde abmelden, in der Sie Ihren Wohnsitz haben (Abmeldung). Sobald Sie wieder in Italien leben, m\u00fcssen Sie sich beim Melderegister Ihrer Heimatgemeinde Ufficio Anagrafe del Comune melden und dort Ihren neuen Wohnsitz anmelden. Noch am gleichen Tag wird sich [&hellip;]","protected":false},"author":5,"featured_media":0,"parent":268,"menu_order":3,"comment_status":"closed","ping_status":"closed","template":"","meta":{"footnotes":""},"class_list":["post-2573","page","type-page","status-publish","hentry"],"_links":{"self":[{"href":"https:\/\/conscolonia.esteri.it\/de\/wp-json\/wp\/v2\/pages\/2573","targetHints":{"allow":["GET"]}}],"collection":[{"href":"https:\/\/conscolonia.esteri.it\/de\/wp-json\/wp\/v2\/pages"}],"about":[{"href":"https:\/\/conscolonia.esteri.it\/de\/wp-json\/wp\/v2\/types\/page"}],"author":[{"embeddable":true,"href":"https:\/\/conscolonia.esteri.it\/de\/wp-json\/wp\/v2\/users\/5"}],"replies":[{"embeddable":true,"href":"https:\/\/conscolonia.esteri.it\/de\/wp-json\/wp\/v2\/comments?post=2573"}],"version-history":[{"count":3,"href":"https:\/\/conscolonia.esteri.it\/de\/wp-json\/wp\/v2\/pages\/2573\/revisions"}],"predecessor-version":[{"id":7511,"href":"https:\/\/conscolonia.esteri.it\/de\/wp-json\/wp\/v2\/pages\/2573\/revisions\/7511"}],"up":[{"embeddable":true,"href":"https:\/\/conscolonia.esteri.it\/de\/wp-json\/wp\/v2\/pages\/268"}],"wp:attachment":[{"href":"https:\/\/conscolonia.esteri.it\/de\/wp-json\/wp\/v2\/media?parent=2573"}],"curies":[{"name":"wp","href":"https:\/\/api.w.org\/{rel}","templated":true}]}}