{"id":2569,"date":"2023-04-27T11:40:53","date_gmt":"2023-04-27T09:40:53","guid":{"rendered":"https:\/\/conscolonia.esteri.it\/?page_id=2569"},"modified":"2025-11-10T15:42:38","modified_gmt":"2025-11-10T14:42:38","slug":"a-i-r-e-adressaenderung-im-a-i-r-e-melderegister-fuer-im-ausland-lebende-italienerinnen","status":"publish","type":"page","link":"https:\/\/conscolonia.esteri.it\/de\/servizi-consolari-e-visti\/servizi-per-il-cittadino-italiano\/anagrafe-degli-italiani-residenti-allestero-aire\/a-i-r-e-adressaenderung-im-a-i-r-e-melderegister-fuer-im-ausland-lebende-italienerinnen\/","title":{"rendered":"MELDEREGISTER A.I.R.E. &#8211; Adress\u00e4nderung f\u00fcr im Ausland lebende Italiener*innen"},"content":{"rendered":"<p style=\"text-align: justify;\"><strong><a href=\"https:\/\/conscolonia.esteri.it\/wp-content\/uploads\/2023\/04\/FastIt.jpg\"><img loading=\"lazy\" decoding=\"async\" class=\"\" src=\"https:\/\/conscolonia.esteri.it\/wp-content\/uploads\/2023\/04\/FastIt.jpg\" width=\"270\" height=\"89\" \/><\/a><\/strong><\/p>\n<p style=\"text-align: justify;\">Die Adress\u00e4nderung des eigenen Wohnsitzes in Deutschland, innerhalb desselben Konsularkreises muss mit folgendem Portal f\u00fcr konsularische Dienstleistungen vorgenommen werden: <a href=\"https:\/\/serviziconsolari.esteri.it\/ScoFE\/index.sco\"><strong>Fast It<\/strong><\/a> (<span style=\"text-decoration: underline;\">Achtung! Wer bei Prenot@mi aber nicht bei Fast It registriert ist, muss eine neue Registrierung vornehmen.<\/span>).<\/p>\n<p style=\"text-align: justify;\">Falls Sie bereits im A.I.R.E. Melderegister f\u00fcr im Ausland lebende Italiener*innen eingetragen sind, gibt Ihnen das Portal die M\u00f6glichkeit, den Wechsel des Wohnsitzes f\u00fcr sich selbst sowie f\u00fcr alle Familienmitglieder vorzunehmen.<\/p>\n<p style=\"text-align: justify;\"><strong>ACHTUNG! Wer bereits im Konsularverzeichnis eingetragen ist, sich aber gerade bei Fast It registriert hat, muss zuvor die Verbindung (ASON) zwischen dem Fast It-Konto und dem im Konsularverzeichnis vorhandenen Datensatz beantragen. Erst nachdem der Konsularmitarbeiter die Identit\u00e4t \u00fcberpr\u00fcft und den Antrag genehmigt hat, wird es m\u00f6glich sein, die Mitteilung der neuen Adresse vorzunehmen.<\/strong><\/p>\n<p style=\"text-align: justify;\">Es wird darum gebeten, die eigene, neue Adresse korrekt und vollst\u00e4ndig anzugeben, und zwar wie von den lokalen, postalischen Normen des neuen Heimatlandes vorgesehen (z.B. K\u00f6ln und nicht Colonia eintragen).<br \/>\nWir wollen Sie an dieser Stelle daran erinnern, dass ein nicht aktualisierter oder fehlerhafter Eintrag im Melderegistester dazu f\u00fchrt, dass Sie als im Ausland lebende*r, italienische*r Staatsb\u00fcrger*in nicht (mehr) vom Generalkonsulat K\u00f6ln kontaktiert werden k\u00f6nnen.<br \/>\nIm Fall von anstehenden Wahlen k\u00f6nnen Ihnen aus diesem Grund auch keine Wahlunterlagen mehr zugesellt werden.<\/p>\n<div class=\"bd-callout bd-callout-warning\" style=\"text-align: justify;\">Vergewissern Sie sich, dass Sie folgende Unterlagen in digitaler Form vorliegen haben, bevor Sie mit dem Daten-Upload beginnen:<\/div>\n<ul class=\"spacedList\" style=\"text-align: justify;\">\n<li>ein g\u00fcltiges Ausweisdokument;<\/li>\n<li>Unterlagen, die den aktuellen Wohnsitz im Konsularbezirk K\u00f6ln beweisen (z.B. von der lokalen Beh\u00f6rde ausgestellte Meldebescheinigung, Aufenthaltstitel, ausl\u00e4ndischer Personalausweis, Wasser-, Strom- oder sonstige Abrechungen des neuen Wohnsitzes, etc.);<\/li>\n<li>w\u00e4hrend des Upload-Vorgangs m\u00fcssen Sie das Formular &#8222;Comunicazione cambio residenza&#8220; (= Mitteilung \u00fcber Wohnsitzwechsel) herunterladen. Dieses bitte ausdrucken, unterschreiben und einscannen.<\/li>\n<\/ul>\n<p style=\"text-align: justify;\"><strong>ACHTUNG:<\/strong><br \/>\nDer Online-Service erm\u00f6glicht einen Antrag auf Wohnungswechsel zu stellen. Dieser muss aber nicht automatisch akzeptier werden.<br \/>\nIn Echtzeit wird der Bearbeitungsstatus Ihrer Anfrage mitgeteilt und \u00fcber ein Hinweisfenster auf dem Desktop auch mitgeteilt, ob der Bearbeitungsvorgang erfolgreich abgeschlossen worden ist. Genauere Informationen bzgl. des Bearbeitungsstatus&#8216; finden Sie unter dem Punkt <a href=\"https:\/\/serviziconsolari.esteri.it\/ScoFE\/static\/domande-frequenti.sco\">&#8222;H\u00e4ufige Fragen&#8220;<\/a>.<\/p>\n<p style=\"text-align: justify;\">Um die Dateien im Format PDF anzeigen und drucken zu k\u00f6nnnen, ben\u00f6tigen Sie eine aktuelle Version des <a href=\"https:\/\/get.adobe.com\/it\/reader\/\"><strong>Adobe Acrobat Reader<\/strong><\/a> oder eines anderen, alternativen Programmes f\u00fcr PDF-Dokumente.<\/p>\n","protected":false},"excerpt":{"rendered":"Die Adress\u00e4nderung des eigenen Wohnsitzes in Deutschland, innerhalb desselben Konsularkreises muss mit folgendem Portal f\u00fcr konsularische Dienstleistungen vorgenommen werden: Fast It (Achtung! Wer bei Prenot@mi aber nicht bei Fast It registriert ist, muss eine neue Registrierung vornehmen.). Falls Sie bereits im A.I.R.E. Melderegister f\u00fcr im Ausland lebende Italiener*innen eingetragen sind, gibt Ihnen das Portal die [&hellip;]","protected":false},"author":5,"featured_media":0,"parent":268,"menu_order":2,"comment_status":"closed","ping_status":"closed","template":"","meta":{"footnotes":""},"class_list":["post-2569","page","type-page","status-publish","hentry"],"_links":{"self":[{"href":"https:\/\/conscolonia.esteri.it\/de\/wp-json\/wp\/v2\/pages\/2569","targetHints":{"allow":["GET"]}}],"collection":[{"href":"https:\/\/conscolonia.esteri.it\/de\/wp-json\/wp\/v2\/pages"}],"about":[{"href":"https:\/\/conscolonia.esteri.it\/de\/wp-json\/wp\/v2\/types\/page"}],"author":[{"embeddable":true,"href":"https:\/\/conscolonia.esteri.it\/de\/wp-json\/wp\/v2\/users\/5"}],"replies":[{"embeddable":true,"href":"https:\/\/conscolonia.esteri.it\/de\/wp-json\/wp\/v2\/comments?post=2569"}],"version-history":[{"count":6,"href":"https:\/\/conscolonia.esteri.it\/de\/wp-json\/wp\/v2\/pages\/2569\/revisions"}],"predecessor-version":[{"id":10853,"href":"https:\/\/conscolonia.esteri.it\/de\/wp-json\/wp\/v2\/pages\/2569\/revisions\/10853"}],"up":[{"embeddable":true,"href":"https:\/\/conscolonia.esteri.it\/de\/wp-json\/wp\/v2\/pages\/268"}],"wp:attachment":[{"href":"https:\/\/conscolonia.esteri.it\/de\/wp-json\/wp\/v2\/media?parent=2569"}],"curies":[{"name":"wp","href":"https:\/\/api.w.org\/{rel}","templated":true}]}}