{"id":2463,"date":"2023-04-26T14:52:43","date_gmt":"2023-04-26T12:52:43","guid":{"rendered":"https:\/\/conscolonia.esteri.it\/?page_id=2463"},"modified":"2025-09-09T10:05:38","modified_gmt":"2025-09-09T08:05:38","slug":"modulistica","status":"publish","type":"page","link":"https:\/\/conscolonia.esteri.it\/de\/servizi-consolari-e-visti\/servizi-per-il-cittadino-italiano\/altri-servizi\/modulistica\/","title":{"rendered":"ANDERE DIENSTLEISTUNGEN &#8211; Formulare (aus allen Abteilungen)"},"content":{"rendered":"<p><strong>Melderegister A.I.R.E.<\/strong> (= Anagrafe degli Italiani Residenti all&#8217;Estero = Melderegister der im Ausland lebenden Italiener*innen)<br \/>\n<a href=\"mailto:anagrafe.colonia@esteri.it\">anagrafe.colonia@esteri.it<\/a><\/p>\n<ul>\n<li><a href=\"https:\/\/conscolonia.esteri.it\/wp-content\/uploads\/2024\/02\/2024_01_24_atto-assenso-AIRE.pdf\">Einverst\u00e4ndniserkl\u00e4rung f\u00fcr A.I.R.E.-Eintragung von Minderj\u00e4hrigen &#8211; zweisprachig<\/a><\/li>\n<li>nichteheliche Lebensgemeinschaft<br \/>\n<a href=\"https:\/\/conscolonia.esteri.it\/wp-content\/uploads\/2024\/02\/2024_02_29_modulo_dichiarazione_convivenza_di_fatto.pdf\">Erkl\u00e4rung auf Lebenspartnerschaft &#8211; zweisprachig<\/a><\/li>\n<\/ul>\n<p><strong>Ausweisdokumente<\/strong><br \/>\n<a href=\"mailto:passaporti.colonia@esteri.it\">passaporti.colonia@esteri.it<\/a><\/p>\n<ul>\n<li><a href=\"https:\/\/conscolonia.esteri.it\/wp-content\/uploads\/2024\/12\/2024-Atto-di-assenso_Passaporto-minori_20-12-2024.pdf\">Einverst\u00e4ndniserkl\u00e4rung zur Ausstellung eines Reisedokuments f\u00fcr Minderj\u00e4hrige_beide Eltern &#8211; zweisprachig<\/a><\/li>\n<\/ul>\n<p><strong>Steuer<\/strong><br \/>\n<a href=\"mailto:colonia.codfiscali@esteri.it\">colonia.codfiscali@esteri.it<\/a><\/p>\n<ul>\n<li><a href=\"https:\/\/conscolonia.esteri.it\/wp-content\/uploads\/2024\/12\/BIINGUE-CODICE-FISCALE-Richiesta-Antrag_01-01-2025.pdf\">Antrag auf die Erstellung einer italienischen Steuernummer &#8211; zweisprachig<\/a><\/li>\n<\/ul>\n<p><strong>Standesamt<\/strong><br \/>\n<a href=\"mailto:colonia.nascitemorti@esteri.it\">colonia.nascitemorti@esteri.it<\/a><br \/>\n<a href=\"mailto:matrimonidivorzi.colonia@esteri.it\">matrimonidivorzi.colonia@esteri.it<\/a><\/p>\n<ul>\n<li>eingetragene Lebenspartnerschaft<br \/>\n<a href=\"https:\/\/conscolonia.esteri.it\/wp-content\/uploads\/2023\/04\/modulo_richiesta_trascrizione_matrimonio_o_unione_civile_estera_18-04-2023.pdf\">Antrag auf \u00dcberschreibung der im Ausland geschlossenen Ehe oder Lebensgemeinschaft<\/a><\/li>\n<li>Heirat<br \/>\n<a href=\"https:\/\/conscolonia.esteri.it\/wp-content\/uploads\/2023\/11\/2023_10_12_modulo_richiesta_certificato_capacita_matrimoniale-1.pdf\">Antrag auf Ausstellung eines Ehef\u00e4higkeitszeugnisses &#8211; zweisprachig<\/a><br \/>\n<a href=\"https:\/\/conscolonia.esteri.it\/wp-content\/uploads\/2023\/05\/modulo_richiesta_trascrizione_matrimonio_o_unione_civile_estera_29-09-2021.pdf\">Antrag auf \u00dcberschreibung der im Ausland geschlossenen Ehe-oder Lebensgemeinschaft<\/a><\/li>\n<li>Scheidung<br \/>\n<a href=\"https:\/\/conscolonia.esteri.it\/wp-content\/uploads\/2023\/11\/1.pdf\">Antrag auf \u00dcberschreibungsverfahren eines ausl\u00e4ndischen Scheidungsurteils (vor dem 10. M\u00e4rz 2001)<\/a><br \/>\n<a href=\"https:\/\/conscolonia.esteri.it\/wp-content\/uploads\/2023\/11\/2.pdf\">Antrag auf \u00dcberschreibungsverfahren eines ausl\u00e4ndischen Scheidungsurteils (vom 10. M\u00e4rz 2001 bis zum 31. Juli 2022)<\/a><br \/>\n<a href=\"https:\/\/conscolonia.esteri.it\/wp-content\/uploads\/2023\/11\/3.pdf\">Antrag auf \u00dcberschreibungsverfahren eines ausl\u00e4ndischen Scheidungsurteils (ab dem 1. August 2022)<\/a><\/li>\n<li>Todesfall<br \/>\n<a href=\"https:\/\/conscolonia.esteri.it\/wp-content\/uploads\/2023\/04\/3644_f_cons97clntrascrizionecertificatodimortebilingue_18-04-2023-1.pdf\">Antrag auf \u00dcberschreibung eines Todesfalls &#8211; zweisprachig<\/a><\/li>\n<\/ul>\n<p><strong><br \/>\nStudien-und Ausbildungsabschl\u00fcsse<br \/>\n<\/strong><a href=\"mailto:scuola.colonia@esteri.it\">scuola.colonia@esteri.it<\/a><\/p>\n<ul>\n<li><a href=\"https:\/\/conscolonia.esteri.it\/wp-content\/uploads\/2024\/12\/BILINGUE-DICHIARAZIOE-DI-VALORE-WERTIGKEITSERKLARUNG-Richiesta-modulo_01-01-2025.pdf\">Antrag auf Gleichwertigkeitsbescheinigung &#8211; zweisprachig<\/a><\/li>\n<li><a href=\"https:\/\/conscolonia.esteri.it\/wp-content\/uploads\/2024\/12\/IT-DICHIARAZIONE-DI-VALORE-informazioni_01-01-2025.pdf\">Informationsblatt zur Gleichwertigkeitsbescheinigung-italienisch<\/a><\/li>\n<li><a href=\"https:\/\/conscolonia.esteri.it\/wp-content\/uploads\/2024\/12\/DE-WERTIGERKLARUNG_Infoblatt_01-01-2025.pdf\">Informationsblatt zur Gleichwertigkeitsbescheinigung-deutsch<\/a><\/li>\n<\/ul>\n","protected":false},"excerpt":{"rendered":"Melderegister A.I.R.E. (= Anagrafe degli Italiani Residenti all&#8217;Estero = Melderegister der im Ausland lebenden Italiener*innen) anagrafe.colonia@esteri.it Einverst\u00e4ndniserkl\u00e4rung f\u00fcr A.I.R.E.-Eintragung von Minderj\u00e4hrigen &#8211; zweisprachig nichteheliche Lebensgemeinschaft Erkl\u00e4rung auf Lebenspartnerschaft &#8211; zweisprachig Ausweisdokumente passaporti.colonia@esteri.it Einverst\u00e4ndniserkl\u00e4rung zur Ausstellung eines Reisedokuments f\u00fcr Minderj\u00e4hrige_beide Eltern &#8211; zweisprachig Steuer colonia.codfiscali@esteri.it Antrag auf die Erstellung einer italienischen Steuernummer &#8211; zweisprachig Standesamt colonia.nascitemorti@esteri.it [&hellip;]","protected":false},"author":5,"featured_media":0,"parent":7664,"menu_order":6,"comment_status":"closed","ping_status":"closed","template":"","meta":{"footnotes":""},"class_list":["post-2463","page","type-page","status-publish","hentry"],"_links":{"self":[{"href":"https:\/\/conscolonia.esteri.it\/de\/wp-json\/wp\/v2\/pages\/2463","targetHints":{"allow":["GET"]}}],"collection":[{"href":"https:\/\/conscolonia.esteri.it\/de\/wp-json\/wp\/v2\/pages"}],"about":[{"href":"https:\/\/conscolonia.esteri.it\/de\/wp-json\/wp\/v2\/types\/page"}],"author":[{"embeddable":true,"href":"https:\/\/conscolonia.esteri.it\/de\/wp-json\/wp\/v2\/users\/5"}],"replies":[{"embeddable":true,"href":"https:\/\/conscolonia.esteri.it\/de\/wp-json\/wp\/v2\/comments?post=2463"}],"version-history":[{"count":7,"href":"https:\/\/conscolonia.esteri.it\/de\/wp-json\/wp\/v2\/pages\/2463\/revisions"}],"predecessor-version":[{"id":10023,"href":"https:\/\/conscolonia.esteri.it\/de\/wp-json\/wp\/v2\/pages\/2463\/revisions\/10023"}],"up":[{"embeddable":true,"href":"https:\/\/conscolonia.esteri.it\/de\/wp-json\/wp\/v2\/pages\/7664"}],"wp:attachment":[{"href":"https:\/\/conscolonia.esteri.it\/de\/wp-json\/wp\/v2\/media?parent=2463"}],"curies":[{"name":"wp","href":"https:\/\/api.w.org\/{rel}","templated":true}]}}