{"id":2453,"date":"2023-05-25T12:33:26","date_gmt":"2023-05-25T10:33:26","guid":{"rendered":"https:\/\/conscolonia.esteri.it\/?page_id=2453"},"modified":"2026-03-13T09:51:02","modified_gmt":"2026-03-13T08:51:02","slug":"italienische-dienstleister-uebersetzerinnen","status":"publish","type":"page","link":"https:\/\/conscolonia.esteri.it\/de\/servizi-consolari-e-visti\/servizi-per-il-cittadino-italiano\/altri-servizi\/italienische-fachleute-anwaelte-dolmetscher-uebersetzer-aerzte\/italienische-dienstleister-uebersetzerinnen\/","title":{"rendered":"ITALIENISCHE EXPERTEN &#8211; \u00dcbersetzer*innen"},"content":{"rendered":"<p>Wir ver\u00f6ffentlichen hier die Liste der vereidigten \u00dcbersetzer*innen des Konsularbezirks K\u00f6ln:<\/p>\n<p><a href=\"https:\/\/conscolonia.esteri.it\/wp-content\/uploads\/2026\/03\/Traduttori_13-03-2026.pdf\">LISTE-Vereidigte <strong>\u00dcbersetzer*innen_Konsularbezirk K\u00f6ln_13-03-2026<\/strong><\/a><\/p>\n","protected":false},"excerpt":{"rendered":"Wir ver\u00f6ffentlichen hier die Liste der vereidigten \u00dcbersetzer*innen des Konsularbezirks K\u00f6ln: LISTE-Vereidigte \u00dcbersetzer*innen_Konsularbezirk K\u00f6ln_13-03-2026","protected":false},"author":5,"featured_media":0,"parent":1646,"menu_order":3,"comment_status":"closed","ping_status":"closed","template":"","meta":{"footnotes":""},"class_list":["post-2453","page","type-page","status-publish","hentry"],"_links":{"self":[{"href":"https:\/\/conscolonia.esteri.it\/de\/wp-json\/wp\/v2\/pages\/2453","targetHints":{"allow":["GET"]}}],"collection":[{"href":"https:\/\/conscolonia.esteri.it\/de\/wp-json\/wp\/v2\/pages"}],"about":[{"href":"https:\/\/conscolonia.esteri.it\/de\/wp-json\/wp\/v2\/types\/page"}],"author":[{"embeddable":true,"href":"https:\/\/conscolonia.esteri.it\/de\/wp-json\/wp\/v2\/users\/5"}],"replies":[{"embeddable":true,"href":"https:\/\/conscolonia.esteri.it\/de\/wp-json\/wp\/v2\/comments?post=2453"}],"version-history":[{"count":6,"href":"https:\/\/conscolonia.esteri.it\/de\/wp-json\/wp\/v2\/pages\/2453\/revisions"}],"predecessor-version":[{"id":11896,"href":"https:\/\/conscolonia.esteri.it\/de\/wp-json\/wp\/v2\/pages\/2453\/revisions\/11896"}],"up":[{"embeddable":true,"href":"https:\/\/conscolonia.esteri.it\/de\/wp-json\/wp\/v2\/pages\/1646"}],"wp:attachment":[{"href":"https:\/\/conscolonia.esteri.it\/de\/wp-json\/wp\/v2\/media?parent=2453"}],"curies":[{"name":"wp","href":"https:\/\/api.w.org\/{rel}","templated":true}]}}