{"id":225,"date":"2023-02-02T20:09:49","date_gmt":"2023-02-02T19:09:49","guid":{"rendered":"https:\/\/conscolonia.esteri.it\/servizi-consolari-e-visti\/servizi-per-il-cittadino-italiano\/servizi-notarili\/"},"modified":"2025-01-23T14:34:22","modified_gmt":"2025-01-23T13:34:22","slug":"servizi-notarili","status":"publish","type":"page","link":"https:\/\/conscolonia.esteri.it\/de\/servizi-consolari-e-visti\/servizi-per-il-cittadino-italiano\/servizi-notarili\/","title":{"rendered":"NOTARIELLE DIENSTLEISTUNGEN"},"content":{"rendered":"<p style=\"text-align: justify;\"><strong><img loading=\"lazy\" decoding=\"async\" class=\"size-full wp-image-2023 img-fluid\" src=\"https:\/\/conscolonia.esteri.it\/wp-content\/uploads\/2023\/05\/01.jpg\" alt=\"\" width=\"381\" height=\"176\" srcset=\"https:\/\/conscolonia.esteri.it\/wp-content\/uploads\/2023\/05\/01.jpg 381w, https:\/\/conscolonia.esteri.it\/wp-content\/uploads\/2023\/05\/01-300x139.jpg 300w\" sizes=\"auto, (max-width: 381px) 100vw, 381px\" \/><\/strong><\/p>\n<p style=\"text-align: justify;\"><strong>Auf Basis von \u00a7 28 des Gesetzesdekrets Nr. 71 vom 3. Februar 2011 beschr\u00e4nkt das Dekret des Ital. Au\u00dfenministeriums vom 31. Oktober 2011 ab 01. Januar 2012 die Erbringung von notariellen Dienstleistungen von Seiten der Konsularb\u00fcros mit Amtssitz in Deutschland, \u00d6sterreich, Belgien, Frankreich und Lettland.<\/strong><\/p>\n<p style=\"text-align: justify;\">Diese Entscheidung basiert erstens auf dem Vorhandensein von bi- oder multilateralen Abkommen, welche die Legalisierung oder die Apostille f\u00fcr aus diesen L\u00e4ndern stammenden Urkunden, nicht mehr notwendig macht; und zweitens auf der Tatsache, dass sich die in diesen L\u00e4ndern vorhandenen Notariate der Internationalen Vereinigung des Notariats, l&#8217;Union Internationale Du Notariat (U.I.N.L.), angeschlossen haben &#8211; ein Zusammenschluss, der die Pr\u00e4senz von geeigneten, notariellen Dienstleistungen vor Ort garantiert.<\/p>\n<p style=\"text-align: justify;\">Aufgrund dieser Bestimmungen muss man sich im Regelfall f\u00fcr die Erbringung von notariellen Dienstleistungen an einen Notar vor Ort wenden, indem man z.B. die folgende Homepage konsultiert <a href=\"http:\/\/www.deutsche-notarauskunft.de\">www.deutsche-notarauskunft.de<\/a><br \/>\nHier kann man u.a auch Italienisch sprechende, deutsche Notare in der N\u00e4he des eigenen Wohnortes finden.<\/p>\n<p style=\"text-align: justify;\">Um rechtswirksam zu sein, m\u00fcssen die Urkunden dennoch auch \u00fcbersetzt werden. <a href=\"https:\/\/conscolonia.esteri.it\/it\/servizi-consolari-e-visti\/servizi-notarili\/autenticazione-amministrativa-di-firma-e-altri-atti-amministrativi\/\">Hier<\/a> finden Sie weitere Informationen zu den Modalit\u00e4ten bei Beglaubigungen der \u00dcbersetzungen<\/p>\n<p style=\"text-align: justify;\">Die Verf\u00fcgung sieht vor, dass der Leiter des Konsularb\u00fcros auf Anfrage von Seiten der italienischen Staatsb\u00fcrger*innen weiterhin \u00f6ffentliche, heimliche oder internationale Testamente annehmen darf. Au\u00dferdem darf er &#8211; nach vorheriger \u00dcberpr\u00fcfung der objektiven und dokumentierten Unm\u00f6glichkeit von Seiten des italienischen Staatsb\u00fcrgers, sich an einen Notar vor Ort zu wenden &#8211; Urkunden von absoluter Dringlichkeit erstellen,\u00a0 falls dem italienischen Staatsb\u00fcrger andernfalls ein Nachteil entstehen sollte.<\/p>\n","protected":false},"excerpt":{"rendered":"Auf Basis von \u00a7 28 des Gesetzesdekrets Nr. 71 vom 3. Februar 2011 beschr\u00e4nkt das Dekret des Ital. Au\u00dfenministeriums vom 31. Oktober 2011 ab 01. Januar 2012 die Erbringung von notariellen Dienstleistungen von Seiten der Konsularb\u00fcros mit Amtssitz in Deutschland, \u00d6sterreich, Belgien, Frankreich und Lettland. Diese Entscheidung basiert erstens auf dem Vorhandensein von bi- oder [&hellip;]","protected":false},"author":3,"featured_media":0,"parent":7656,"menu_order":7,"comment_status":"closed","ping_status":"closed","template":"","meta":{"footnotes":""},"class_list":["post-225","page","type-page","status-publish","hentry"],"_links":{"self":[{"href":"https:\/\/conscolonia.esteri.it\/de\/wp-json\/wp\/v2\/pages\/225","targetHints":{"allow":["GET"]}}],"collection":[{"href":"https:\/\/conscolonia.esteri.it\/de\/wp-json\/wp\/v2\/pages"}],"about":[{"href":"https:\/\/conscolonia.esteri.it\/de\/wp-json\/wp\/v2\/types\/page"}],"author":[{"embeddable":true,"href":"https:\/\/conscolonia.esteri.it\/de\/wp-json\/wp\/v2\/users\/3"}],"replies":[{"embeddable":true,"href":"https:\/\/conscolonia.esteri.it\/de\/wp-json\/wp\/v2\/comments?post=225"}],"version-history":[{"count":7,"href":"https:\/\/conscolonia.esteri.it\/de\/wp-json\/wp\/v2\/pages\/225\/revisions"}],"predecessor-version":[{"id":8137,"href":"https:\/\/conscolonia.esteri.it\/de\/wp-json\/wp\/v2\/pages\/225\/revisions\/8137"}],"up":[{"embeddable":true,"href":"https:\/\/conscolonia.esteri.it\/de\/wp-json\/wp\/v2\/pages\/7656"}],"wp:attachment":[{"href":"https:\/\/conscolonia.esteri.it\/de\/wp-json\/wp\/v2\/media?parent=225"}],"curies":[{"name":"wp","href":"https:\/\/api.w.org\/{rel}","templated":true}]}}