{"id":224,"date":"2023-02-02T20:08:49","date_gmt":"2023-02-02T19:08:49","guid":{"rendered":"https:\/\/conscolonia.esteri.it\/servizi-consolari-e-visti\/servizi-per-il-cittadino-italiano\/servizi-elettorali\/"},"modified":"2025-01-23T09:23:30","modified_gmt":"2025-01-23T08:23:30","slug":"servizi-elettorali","status":"publish","type":"page","link":"https:\/\/conscolonia.esteri.it\/de\/servizi-consolari-e-visti\/servizi-per-il-cittadino-italiano\/servizi-elettorali\/","title":{"rendered":"WAHLANGELEGENHEITEN &#8211; Wahlen im Ausland"},"content":{"rendered":"<p><a href=\"https:\/\/www.esteri.it\/it\/servizi-consolari-e-visti\/italiani-all-estero\/votoestero\/elezionipolitiche\/\"><img loading=\"lazy\" decoding=\"async\" class=\"alignleft size-medium wp-image-2866 img-fluid\" src=\"https:\/\/conscolonia.esteri.it\/wp-content\/uploads\/2023\/08\/Voto-allestero-300x210.jpg\" alt=\"\" width=\"300\" height=\"210\" srcset=\"https:\/\/conscolonia.esteri.it\/wp-content\/uploads\/2023\/08\/Voto-allestero-300x210.jpg 300w, https:\/\/conscolonia.esteri.it\/wp-content\/uploads\/2023\/08\/Voto-allestero.jpg 553w\" sizes=\"auto, (max-width: 300px) 100vw, 300px\" \/><\/a><\/p>\n<p><strong>ABTEILUNG F\u00dcR WAHLANGELEGENHEITEN<\/strong><\/p>\n<p><a href=\"mailto:elettorale.colonia@esteri.it\">elettorale.colonia@esteri.it<span lang=\"IT\"><br \/>\ncolonia.elettorale2@esteri.it<\/span><\/a><\/p>\n<p><strong>Im Ausland wohnhafte, und regul\u00e4r im Melderegister f\u00fcr im Ausland lebende Italiener*innen A.I.R.E. (= Anagrafe degli Italiani Residenti all&#8217;Estero) eingetragene, italienische Staatsb\u00fcrger*innen k\u00f6nnen ihr <span style=\"text-decoration: underline;\">Wahlrecht im Ausland an ihrem Wohnsitz<\/span> aus\u00fcben, und zwar<span style=\"text-decoration: underline;\"> f\u00fcr folgende Wahlen<\/span>:<br \/>\n<\/strong><\/p>\n<ul>\n<li><strong>die <a href=\"https:\/\/conscolonia.esteri.it\/it\/servizi-consolari-e-visti\/servizi-elettorali\/elezioni-politiche-parlamento-e-regionali\/\">nationalen Parlamentswahlen<\/a>;<\/strong><\/li>\n<li><strong>die <a href=\"https:\/\/conscolonia.esteri.it\/it\/servizi-consolari-e-visti\/servizi-elettorali\/elezioni-politiche-parlamento-e-regionali\/\">abrogativen oder konstitutiven Referenda (ex artt. 75 e 138 della Costituzione)<\/a>;<\/strong><\/li>\n<li><strong>die <a href=\"https:\/\/conscolonia.esteri.it\/it\/servizi-consolari-e-visti\/servizi-elettorali\/elezioni-europee-al-parlamento-europeo\/\">Wahlen f\u00fcr die Italien zugeteilten Abgeordneten f\u00fcr das Europ\u00e4ische Parlament;<\/a><\/strong><\/li>\n<li><strong>die <a href=\"https:\/\/conscolonia.esteri.it\/it\/servizi-consolari-e-visti\/servizi-elettorali\/elezioni-com-it-es-i-comitati-degli-italiani-allestero\/\">Wahl f\u00fcr die Komit\u00e9es der Italiener*innen im Ausland (COM.IT.ES)<\/a>.<\/strong><\/li>\n<\/ul>\n<p><strong>Die <span style=\"text-decoration: underline;\">Wahl im Ausland<\/span> ist hingegen <span style=\"text-decoration: underline;\">nicht vorgesehen f\u00fcr folgende Wahlen<\/span>:<br \/>\nLandtags-, Kommunal- und Regionalwahlen sowie lokale Referenda.<br \/>\n<\/strong><br \/>\nDie Wahlen im Ausland f\u00fcr die <strong>Parlamentswahlen und f\u00fcr die nationalen Referenda<\/strong> sind durch das Gesetz vom 27. Dezember 2001, Nr. 459 (Legge 27 dicembre 2001, n. 459) sowie durch die diesbez\u00fcgliche Durchf\u00fchrungsverordnung Pr\u00e4sidentialdekret Decreto del Presidente della Repubblica vom 2. April 2003, Nr. 104 (D.P.R. 2 aprile 2003, n. 104) geregelt. Bei den Parlamentswahlen w\u00e4hlen die italienischen Staatsb\u00fcrger*innen f\u00fcr die Kandidat*innen im <strong>Auslandswahlkreis Circoscrizione Estero <\/strong>gem\u00e4\u00df den\u00a0 \u00a7\u00a7 48, 56 und 57 der Verfassung. Es k\u00f6nnen ebenfalls zur Wahl zugelassen werden: <strong> im Ausland wohnhafte<\/strong><strong> Staatsb\u00fcrger*innen<\/strong>, die<strong> sich aufgrund von Arbeit, Studium oder \u00e4rztlicher Versorgung vor\u00fcbergehend im Ausland befinden<\/strong><strong> (Zeitraum von mind. drei Monaten)<\/strong>. Um an der Briefwahl teilnehmen zu k\u00f6nnen, m\u00fcssen diese Staatsb\u00fcrger*innen einen Antrag bei der eigenenen <strong>Gemeindeverwaltung<\/strong> <strong>Comune di residenza<\/strong> stellen, und zwar im Zeitraum von mindestens 32 Tagen vor der Durchf\u00fchrung der Wahlen in Italien.<\/p>\n<p><span style=\"color: #000000;\">Die Wahl der italienischen Abgeordneten<\/span><span style=\"color: #ff0000;\"><span style=\"color: #000000;\"> f\u00fcr das<strong> Europ\u00e4ische Parlament<\/strong> im Ausland ist hingegen von folgenden Gesetzen geregelt: Gesetz vom 24. Januar 1979 Nr. 18 (legge 24 gennaio 1979 n. 18) und Gesetzesdekret Decreto-Legge vom 24. Juni 1994 Nr. 408 (DL 24 giugno 1994, no. 408), das in das Gesetz vom 03. August 1994, Nr. 483 (legge 3 agosto 1994, n. 483) umgewandelt worden ist. Im Gegensatz zu den vom Gesetz Legge L.459\/2001 geregelten Wahlg\u00e4ngen, k\u00f6nnen <strong>an den Wahlen f\u00fcr das Europ\u00e4ische Parlament nur die in einem Mitgliedstaat der EU wohnhaften, und im A.I.R.E.-Melderegister eingetragenen, italienischen Staatsb\u00fcrger*innen<\/strong> teilnehmen. Diese Staatsb\u00fcrger*innen haben aber dennoch die Wahl, sich an der Wahl f\u00fcr die Vertreter*innen beim Europ\u00e4ischen Parlament des Landes, in dem sie ihren Wohnsitz haben, teilzunehmen. Auch in diesem Fall ist die Wahl f\u00fcr italienische Staatsb\u00fcrger*innen zugelassen, die sich<strong> tempor\u00e4r aufgrund von Arbeit oder Studium im Ausland (in eimen Mitgliedsland der EU)<\/strong> befinden, aber nur wenn sie hierf\u00fcr mindestens 81 Tage vor dem letzten Tag der Wahlen einen Antrag bei der f\u00fcr ihren tempor\u00e4ren Wohnort zust\u00e4ndigen, <strong>diplomatisch-konsularischen Beh\u00f6rde<\/strong> gestellt haben.<br \/>\n<\/span><\/span><br \/>\nDie im Ausland wohnhaften, und regul\u00e4r im Melderegister f\u00fcr im Ausland lebende Italiener*innen eingetragenen, italienischen W\u00e4hler*innen k\u00f6nnen ebenfalls f\u00fcr die Wahl der Vertreter*innen des Komit\u00e9es f\u00fcr Italiener*innen im Ausland Com.It.Es w\u00e4hlen gem\u00e4\u00df Gesetz vom 23. Oktober 2003, Nr. 286 (legge 23 ottobre 2003, n. 286 und Pr\u00e4sidentialdekret Decreto del Presidente della Repubblica D.P.R. 395\/2003), aber nur wenn sie zum Zeitpunkt der Wahlen bereits<strong> seit mindestens sechs Monaten im Konsularbezirk wohnhaft<\/strong> sind, und auch nur wenn im Konsularbezirk mindestens 3.000 Italiener*innen wohnhaft sind. Unter dieser Anzahl sieht das Gesetz keine Wahl f\u00fcr ein Komit\u00e9e f\u00fcr Italiener*innen im Ausland Com.It.Es vor. In diesem Fall k\u00f6nnen die nur tempor\u00e4r im Ausland lebenden, italienischen Staatsb\u00fcrger*innen nicht zur Com.It.Es-Wahl zugelassen werden.<\/p>\n<p>Was hingegen die<strong> Kommunalwahlen und die lokalen Referenda in Italien<\/strong> angeht, konsultieren Sie bitte die <a href=\"https:\/\/www.esteri.it\/it\/servizi-consolari-e-visti\/italiani-all-estero\/elezioni-amministrative-e-referendum-locali-in-italia\/\">Homepage<\/a> des Ital. Au\u00dfenministeriums Ministero degli Affari Esteri e della Cooperazione Internazionale, wo die Informationen bez\u00fcglich der Kommunalwahlen und der lokalen Referenda f\u00fcr all diejenigen W\u00e4hler*innen ver\u00f6ffentlicht sind, die die Absicht haben, sich f\u00fcr die diesbez\u00fcglichen Wahlen nach Italien zu begeben.\u00a0 Au\u00dferdem findet man dort Informationen zu eventuellen, f\u00fcr diese Gelegenheiten vorgesehenen, tariflichen Reiseverg\u00fcnstigungen.<\/p>\n","protected":false},"excerpt":{"rendered":"ABTEILUNG F\u00dcR WAHLANGELEGENHEITEN elettorale.colonia@esteri.it colonia.elettorale2@esteri.it Im Ausland wohnhafte, und regul\u00e4r im Melderegister f\u00fcr im Ausland lebende Italiener*innen A.I.R.E. (= Anagrafe degli Italiani Residenti all&#8217;Estero) eingetragene, italienische Staatsb\u00fcrger*innen k\u00f6nnen ihr Wahlrecht im Ausland an ihrem Wohnsitz aus\u00fcben, und zwar f\u00fcr folgende Wahlen: die nationalen Parlamentswahlen; die abrogativen oder konstitutiven Referenda (ex artt. 75 e 138 della [&hellip;]","protected":false},"author":3,"featured_media":0,"parent":7656,"menu_order":1,"comment_status":"closed","ping_status":"closed","template":"","meta":{"footnotes":""},"class_list":["post-224","page","type-page","status-publish","hentry"],"_links":{"self":[{"href":"https:\/\/conscolonia.esteri.it\/de\/wp-json\/wp\/v2\/pages\/224","targetHints":{"allow":["GET"]}}],"collection":[{"href":"https:\/\/conscolonia.esteri.it\/de\/wp-json\/wp\/v2\/pages"}],"about":[{"href":"https:\/\/conscolonia.esteri.it\/de\/wp-json\/wp\/v2\/types\/page"}],"author":[{"embeddable":true,"href":"https:\/\/conscolonia.esteri.it\/de\/wp-json\/wp\/v2\/users\/3"}],"replies":[{"embeddable":true,"href":"https:\/\/conscolonia.esteri.it\/de\/wp-json\/wp\/v2\/comments?post=224"}],"version-history":[{"count":6,"href":"https:\/\/conscolonia.esteri.it\/de\/wp-json\/wp\/v2\/pages\/224\/revisions"}],"predecessor-version":[{"id":8076,"href":"https:\/\/conscolonia.esteri.it\/de\/wp-json\/wp\/v2\/pages\/224\/revisions\/8076"}],"up":[{"embeddable":true,"href":"https:\/\/conscolonia.esteri.it\/de\/wp-json\/wp\/v2\/pages\/7656"}],"wp:attachment":[{"href":"https:\/\/conscolonia.esteri.it\/de\/wp-json\/wp\/v2\/media?parent=224"}],"curies":[{"name":"wp","href":"https:\/\/api.w.org\/{rel}","templated":true}]}}