{"id":221,"date":"2023-02-02T20:03:38","date_gmt":"2023-02-02T19:03:38","guid":{"rendered":"https:\/\/conscolonia.esteri.it\/italia-e-germania\/diplomazia-culturale\/lingua-e-cultura-italiana\/"},"modified":"2023-07-31T11:40:04","modified_gmt":"2023-07-31T09:40:04","slug":"lingua-e-cultura-italiana","status":"publish","type":"page","link":"https:\/\/conscolonia.esteri.it\/de\/italia-e-germania\/diplomazia-culturale\/lingua-e-cultura-italiana\/","title":{"rendered":"KULTURDIPLOMATIE &#8211; Freunde des Italienischen Kulturinstituts: Italienischsprachkurse"},"content":{"rendered":"<p><a href=\"https:\/\/iiccolonia.esteri.it\/iic_colonia\/de\/lingua-e-cultura\/\"><img loading=\"lazy\" decoding=\"async\" class=\"\" src=\"https:\/\/conscolonia.esteri.it\/wp-content\/uploads\/2023\/04\/326734288_508021894786283_5403076806456059829_n-1.png\" width=\"181\" height=\"181\" \/><\/a><\/p>\n<p><span class=\"titoloRosso\"><strong>Etwa eine halbe Million Sprachsch\u00fcler besuchen jedes Jahr weltweit Italienischkurse. Was bewegt sie dazu?<br \/>\n<\/strong> <\/span><a href=\"https:\/\/iiccolonia.esteri.it\/iic_colonia\/de\/lingua-e-cultura\/\"> https:\/\/iiccolonia.esteri.it\/iic_colonia\/de\/lingua-e-cultura\/<\/a><\/p>\n<p>&#8222;&#8230; Sollte es nur Zufall sein, da\u00df von den interessantesten Leuten, die ich kennengelernt habe, fast alle italienisch sprachen?<\/p>\n<p>Fast m\u00f6chte man meinen, das Italienische sei ein Luxus, eine Leidenschaft, eine Liebe. Zwecklos, wie alle sch\u00f6nen Dinge. Die man um ihrer selbst willen tut, und nicht, weil sie zu etwas anderem dienen. Was gibt es denn Sch\u00f6neres, als etwas um seiner selbst willen zu tun? Musik h\u00f6ren, den Himmel bei Einbruch der D\u00e4mmerung betrachten. Gedichte lesen. Allesamt Dinge, die dir keinen Erfolg bescheren, aber den Geschmack des Lebens kosten lassen.<\/p>\n<p>Ach, die Ausl\u00e4nder, die Italienisch sprechen! Vielleicht sind sie ein wenig wie die Verhaltensforscher in der Serengeti: vom Impuls getrieben, ein wunderbares, bedrohtes \u00d6kosystem zu retten. Sie wollen die Einh\u00f6rner sehen und die Markusl\u00f6wen und die r\u00f6mischen W\u00f6lfinnen und Tritone und all unsere kaprizi\u00f6sen Chim\u00e4ren, bevor sie \u2013 wer wei\u00df, was das Morgen bringt! \u2013 aus den W\u00f6rterb\u00fcchern verschwinden. Sie sind idealistische Forscher, Abenteurer und ein wenig Gl\u00fccksritter, ein wenig Wohlt\u00e4ter und ein wenig R\u00e4uber. Gebildet, raffiniert, leidenschaftlich. Tr\u00e4umer. Sie verdienen Erfolg bei ihrem Abenteuer.&#8220;<\/p>\n<p>Margherita Giacobino, Schriftstellerin, geboren 1952<br \/>\n(\u00fcbers. von Paola Barbon)<\/p>\n<p><strong>Welche guten Gr\u00fcnde gibt es noch:<\/strong><\/p>\n<p>Italienisch ist eine <strong>Kultursprache<\/strong>. Sie zu beherrschen, hei\u00dft, Zugang zu einem literarischen Erbe von grundlegender Bedeutung f\u00fcr die europ\u00e4ische Geschichte zu haben, sowie zu wertvollen humanistischen und wissenschaftlichen Texten und zu den italienischen Kulturproduktionen in den Bereichen Theater, Musik, Oper, Kino und Fernsehen.<\/p>\n<p>Italienisch ist eine <strong>Sprache f\u00fcr das Studium<\/strong>. Zahlreiche Studenten entscheiden sich jedes Jahr daf\u00fcr, unsere Schulen, Universit\u00e4ten, Akademien und Bibliotheken zu besuchen.<\/p>\n<p>Italienisch ist eine <strong>Sprache f\u00fcr die Berufswelt<\/strong>. Ausl\u00e4ndische Manager, Investoren, Techniker und Arbeiter, welche in unser Land kommen, treten mit der italienischen Industrie-, Handwerks- und Dienstleistungsbranche in Kontakt.<\/p>\n<p>Wenn man Italienisch spricht, wird der <strong>Besuch unseres Landes<\/strong>, unserer Kunstst\u00e4tten und Natursch\u00f6nheiten, sowie die Begegnung mit unseren gastfreundlichen Menschen zu einem wahren Genu\u00df.<\/p>\n<p>F\u00fcr Informationen zu Italienischsprachkursen kontaktieren Sie bitte:<\/p>\n<p><strong>Die Freunde des Italienischen Kulturinstituts K\u00f6ln <\/strong>(die sich um die Organisation der Sprachkurse k\u00fcmmern):<br \/>\n<a href=\"https:\/\/www.freunde.iiccolonia.de\/\">https:\/\/www.freunde.iiccolonia.de\/<\/a><\/p>\n","protected":false},"excerpt":{"rendered":"Etwa eine halbe Million Sprachsch\u00fcler besuchen jedes Jahr weltweit Italienischkurse. Was bewegt sie dazu? https:\/\/iiccolonia.esteri.it\/iic_colonia\/de\/lingua-e-cultura\/ &#8222;&#8230; Sollte es nur Zufall sein, da\u00df von den interessantesten Leuten, die ich kennengelernt habe, fast alle italienisch sprachen? Fast m\u00f6chte man meinen, das Italienische sei ein Luxus, eine Leidenschaft, eine Liebe. Zwecklos, wie alle sch\u00f6nen Dinge. Die man um [&hellip;]","protected":false},"author":3,"featured_media":0,"parent":132,"menu_order":2,"comment_status":"closed","ping_status":"closed","template":"","meta":{"footnotes":""},"class_list":["post-221","page","type-page","status-publish","hentry"],"_links":{"self":[{"href":"https:\/\/conscolonia.esteri.it\/de\/wp-json\/wp\/v2\/pages\/221","targetHints":{"allow":["GET"]}}],"collection":[{"href":"https:\/\/conscolonia.esteri.it\/de\/wp-json\/wp\/v2\/pages"}],"about":[{"href":"https:\/\/conscolonia.esteri.it\/de\/wp-json\/wp\/v2\/types\/page"}],"author":[{"embeddable":true,"href":"https:\/\/conscolonia.esteri.it\/de\/wp-json\/wp\/v2\/users\/3"}],"replies":[{"embeddable":true,"href":"https:\/\/conscolonia.esteri.it\/de\/wp-json\/wp\/v2\/comments?post=221"}],"version-history":[{"count":0,"href":"https:\/\/conscolonia.esteri.it\/de\/wp-json\/wp\/v2\/pages\/221\/revisions"}],"up":[{"embeddable":true,"href":"https:\/\/conscolonia.esteri.it\/de\/wp-json\/wp\/v2\/pages\/132"}],"wp:attachment":[{"href":"https:\/\/conscolonia.esteri.it\/de\/wp-json\/wp\/v2\/media?parent=221"}],"curies":[{"name":"wp","href":"https:\/\/api.w.org\/{rel}","templated":true}]}}