{"id":205,"date":"2023-02-02T20:03:59","date_gmt":"2023-02-02T19:03:59","guid":{"rendered":"https:\/\/conscolonia.esteri.it\/italia-e-germania\/diplomazia-economica\/fare-affari-in-italia\/"},"modified":"2023-07-31T11:23:55","modified_gmt":"2023-07-31T09:23:55","slug":"fare-affari-in-italia","status":"publish","type":"page","link":"https:\/\/conscolonia.esteri.it\/de\/italia-e-germania\/diplomazia-economica\/fare-affari-in-italia\/","title":{"rendered":"WIRTSCHAFTSDIPLOMATIE &#8211; Gesch\u00e4ftsaufbau in Italien"},"content":{"rendered":"<p>F\u00fcr Informationen bez\u00fcglich Gesch\u00e4ftsaufbaus in Italien bitten wir Sie, das Ital. Aussenministerium zu kontaktieren unter:<\/p>\n<p><strong>1) la Direzione Generale per la Promozione del Sistema Paese<br \/>\n<\/strong><a href=\"https:\/\/www.esteri.it\/it\/diplomazia-economica-e-politica-commerciale\/diplomaziaeconomica\/strumenti-e-servizi-informativi-per-le-imprese\/infomercatiesteri-osservatorio-economico\">https:\/\/www.esteri.it\/it\/diplomazia-economica-e-politica-commerciale\/diplomaziaeconomica\/strumenti-e-servizi-informativi-per-le-imprese\/infomercatiesteri-osservatorio-economico<\/a><\/p>\n<p><strong>Ufficio I<\/strong><br \/>\nE-mail:\u00a0<a href=\"mailto:dgsp-01@esteri.it\">dgsp-01@esteri.it<br \/>\n<\/a>Posta certificata:\u00a0<a href=\"mailto:dgsp.01@cert.esteri.it\">dgsp.01@cert.esteri.it<\/a><\/p>\n<p>oder<\/p>\n<p><strong>2) die Deutsche Botschaft in Berlin<\/strong><br \/>\nhttps:\/\/ambberlino.esteri.it\/it\/italia-e-germania\/diplomazia-economica\/fare-affari-in-italia\/<\/p>\n<p>&nbsp;<\/p>\n","protected":false},"excerpt":{"rendered":"F\u00fcr Informationen bez\u00fcglich Gesch\u00e4ftsaufbaus in Italien bitten wir Sie, das Ital. Aussenministerium zu kontaktieren unter: 1) la Direzione Generale per la Promozione del Sistema Paese https:\/\/www.esteri.it\/it\/diplomazia-economica-e-politica-commerciale\/diplomaziaeconomica\/strumenti-e-servizi-informativi-per-le-imprese\/infomercatiesteri-osservatorio-economico Ufficio I E-mail:\u00a0dgsp-01@esteri.it Posta certificata:\u00a0dgsp.01@cert.esteri.it oder 2) die Deutsche Botschaft in Berlin https:\/\/ambberlino.esteri.it\/it\/italia-e-germania\/diplomazia-economica\/fare-affari-in-italia\/ &nbsp;","protected":false},"author":3,"featured_media":0,"parent":129,"menu_order":2,"comment_status":"closed","ping_status":"closed","template":"","meta":{"footnotes":""},"class_list":["post-205","page","type-page","status-publish","hentry"],"_links":{"self":[{"href":"https:\/\/conscolonia.esteri.it\/de\/wp-json\/wp\/v2\/pages\/205","targetHints":{"allow":["GET"]}}],"collection":[{"href":"https:\/\/conscolonia.esteri.it\/de\/wp-json\/wp\/v2\/pages"}],"about":[{"href":"https:\/\/conscolonia.esteri.it\/de\/wp-json\/wp\/v2\/types\/page"}],"author":[{"embeddable":true,"href":"https:\/\/conscolonia.esteri.it\/de\/wp-json\/wp\/v2\/users\/3"}],"replies":[{"embeddable":true,"href":"https:\/\/conscolonia.esteri.it\/de\/wp-json\/wp\/v2\/comments?post=205"}],"version-history":[{"count":0,"href":"https:\/\/conscolonia.esteri.it\/de\/wp-json\/wp\/v2\/pages\/205\/revisions"}],"up":[{"embeddable":true,"href":"https:\/\/conscolonia.esteri.it\/de\/wp-json\/wp\/v2\/pages\/129"}],"wp:attachment":[{"href":"https:\/\/conscolonia.esteri.it\/de\/wp-json\/wp\/v2\/media?parent=205"}],"curies":[{"name":"wp","href":"https:\/\/api.w.org\/{rel}","templated":true}]}}