{"id":1761,"date":"2023-04-26T12:52:05","date_gmt":"2023-04-26T10:52:05","guid":{"rendered":"https:\/\/conscolonia.esteri.it\/?page_id=1761"},"modified":"2025-05-20T09:21:00","modified_gmt":"2025-05-20T07:21:00","slug":"prenotmi-das-neue-terminbuchungsportal","status":"publish","type":"page","link":"https:\/\/conscolonia.esteri.it\/de\/news\/dal_consolato\/02-terminbuchung-mit-prenotmi\/prenotmi-das-neue-terminbuchungsportal\/","title":{"rendered":"PRENOT@MI \u2013 Wie man sich registriert und einen Online-Termin bucht"},"content":{"rendered":"<p><a href=\"https:\/\/prenotami.esteri.it\"><img loading=\"lazy\" decoding=\"async\" class=\"alignleft wp-image-2020 img-fluid\" src=\"https:\/\/conscolonia.esteri.it\/wp-content\/uploads\/2023\/05\/prenotami-300x120.jpg\" alt=\"\" width=\"200\" height=\"80\" srcset=\"https:\/\/conscolonia.esteri.it\/wp-content\/uploads\/2023\/05\/prenotami-300x120.jpg 300w, https:\/\/conscolonia.esteri.it\/wp-content\/uploads\/2023\/05\/prenotami-1024x410.jpg 1024w, https:\/\/conscolonia.esteri.it\/wp-content\/uploads\/2023\/05\/prenotami-768x307.jpg 768w, https:\/\/conscolonia.esteri.it\/wp-content\/uploads\/2023\/05\/prenotami.jpg 1140w\" sizes=\"auto, (max-width: 200px) 100vw, 200px\" \/><\/a><\/p>\n<p>&nbsp;<\/p>\n<p>&nbsp;<\/p>\n<p>&nbsp;<\/p>\n<p>Folgende Browser werden von der Anwendungssoftware unterst\u00fctzt:<\/p>\n<ul>\n<li>Explorer \u2013 versione 11 e superiori<\/li>\n<li>Google Chrome \u2013 versione 88 e superiori<\/li>\n<li>Microsoft Edge<\/li>\n<\/ul>\n<p><strong>ACHTUNG:<\/strong><br \/>\nDie Registrierung und Terminbuchung \u00fcber Handys k\u00f6nnte misslingen (Grund: Inkompatibilit\u00e4t der Software).<br \/>\nFolglich ist es ratsam, die Registrierung und die Terminbuchung \u00fcber einen PC durchzuf\u00fchren.<\/p>\n<p>Um eine Terminbuchung durchzuf\u00fchren, m\u00fcssen folgende Schritte durchgef\u00fchrt werden:<\/p>\n<ol>\n<li><strong> REGISTRIERUNG<\/strong><\/li>\n<\/ol>\n<p>Sie m\u00fcssen sich auf dem Terminbuchungsportal <a href=\"https:\/\/prenotami.esteri.it\/\">PRENOT@MI<\/a> registrieren,<br \/>\nindem Sie folgende Daten eingeben<\/p>\n<p><strong>a. PERSONALDATEN:<\/strong> Vorname, Nachname, Geburtsort und Geburtsdatum;<br \/>\n<strong>b. ERSTELLUNG EINES KONTOS:<\/strong> E-Mail-Adresse und Password (bitte \u00fcberpr\u00fcfen, ob die E-Mail richtig geschrieben ist);<br \/>\n<strong>c. KONTAKTDATEN:<\/strong> Wohnanschrift (in Deutschland), Staat und Telefonnummer;<\/p>\n<p><strong>ACHTUNG:<\/strong><br \/>\nAuch all diejenigen, die sich bereits auf dem alten Terminbuchungsportal PrenotaOnline registriert haben, m\u00fcssen sich mit einem neuen Konto auf PRENOT@MI registrieren.<br \/>\n<strong><br \/>\n<\/strong>\u00a0\u00a0\u00a0\u00a0\u00a0 2.<strong> AKTIVIERUNG<\/strong><\/p>\n<p>Sie werden einen Link an die von Ihnen registrierte E-Mail-Adresse erhalten.<strong><br \/>\nDann m\u00fcssen Sie auf den Link klicken, um Ihr <\/strong><a href=\"https:\/\/prenotami.esteri.it\/\"><strong>PRENOTA@MI<\/strong><\/a><strong> \u2013 Konto zu aktivieren.<\/strong><a href=\"mailto:Prenot@Mi.\"><strong><br \/>\n<\/strong><\/a>Falls die E-Mail nicht in Ihrem Posteingang ankommt, ist es ratsam, auch den SPAM oder JUNKMAIL-Ordner zu kontrollieren.<\/p>\n<ol start=\"3\">\n<li><strong> TERMINBUCHUNG<\/strong><\/li>\n<\/ol>\n<p>Um die Terminbuchung vorzunehmen, m\u00fcssen Sie:<\/p>\n<ol>\n<li><strong> um sich beim Terminbuchungsportal anzumelden, m\u00fcssen Sie Ihre eigenen Zugangsdaten <\/strong>(E-Mail und Password)<strong> eingeben<\/strong>;<br \/>\n<strong>b. w\u00e4hlen Sie &#8222;Prenota&#8220; aus und suchen Sie die gew\u00fcnschte Dienstleistung aus<\/strong> (Passaporto oder CIE);<br \/>\n<strong>c.<\/strong> auf dem <strong>Kalender<\/strong>, auf dem Termine ab dem <strong>01\/01\/2023 <\/strong>verf\u00fcgbar sind, m\u00fcssen Sie <strong>soweit in den Monaten weiterklicken, bis Sie den ersten verf\u00fcgbaren Termin finden <\/strong>(dieser ist in GR\u00dcN hervorgehoben);<br \/>\n<strong>d.<\/strong> sobald Sie das <strong>gew\u00fcnschte Zeitfenster gefunden <\/strong>haben, dann buchen Sie es, indem Sie es <strong>anklicken<\/strong> (z.B.: 8:30-12:00 Uhr oder 15:00-17:00).<\/li>\n<\/ol>\n<p><strong>WICHTIG:<\/strong><br \/>\nFalls bei der Reservierung die Nachricht <strong>\u201cAl momento non ci sono date disponibili per il servizio richiesto\u201d <\/strong>(= im Moment sind keine Daten f\u00fcr die gew\u00fcnschte Dienstleistung verf\u00fcgbar) erscheint, dann bedeutet das, dass <strong>alle zur Verf\u00fcgung stehenden Termine bereits gebucht<\/strong> worden sind.<\/p>\n<p>F\u00fcr alle anderen Dienstleistungen, die NICHT \u00fcber diese Plattform gebucht werden k\u00f6nnen, laden wir Sie ein, die zust\u00e4ndige Abteilung zu kontaktieren:<br \/>\n<a href=\"https:\/\/conscolonia.esteri.it\/de\/chi-siamo\/gli-uffici\/\">Abteilungen \u2013 Consolato Generale d&#8217;Italia a Colonia (esteri.it)<\/a><\/p>\n<p>Weiterf\u00fchrende Informationen k\u00f6nnen finden Sie im Handbuch: <a href=\"https:\/\/conscolonia.esteri.it\/wp-content\/uploads\/2023\/04\/PRENOTAMI_Manuale-x-il-cittadino-1.pdf\">https:\/\/prenotami.esteri.it<\/a><\/p>\n","protected":false},"excerpt":{"rendered":"&nbsp; &nbsp; &nbsp; Folgende Browser werden von der Anwendungssoftware unterst\u00fctzt: Explorer \u2013 versione 11 e superiori Google Chrome \u2013 versione 88 e superiori Microsoft Edge ACHTUNG: Die Registrierung und Terminbuchung \u00fcber Handys k\u00f6nnte misslingen (Grund: Inkompatibilit\u00e4t der Software). Folglich ist es ratsam, die Registrierung und die Terminbuchung \u00fcber einen PC durchzuf\u00fchren. Um eine Terminbuchung durchzuf\u00fchren, [&hellip;]","protected":false},"author":5,"featured_media":0,"parent":596,"menu_order":1,"comment_status":"closed","ping_status":"closed","template":"","meta":{"footnotes":""},"class_list":["post-1761","page","type-page","status-publish","hentry"],"_links":{"self":[{"href":"https:\/\/conscolonia.esteri.it\/de\/wp-json\/wp\/v2\/pages\/1761","targetHints":{"allow":["GET"]}}],"collection":[{"href":"https:\/\/conscolonia.esteri.it\/de\/wp-json\/wp\/v2\/pages"}],"about":[{"href":"https:\/\/conscolonia.esteri.it\/de\/wp-json\/wp\/v2\/types\/page"}],"author":[{"embeddable":true,"href":"https:\/\/conscolonia.esteri.it\/de\/wp-json\/wp\/v2\/users\/5"}],"replies":[{"embeddable":true,"href":"https:\/\/conscolonia.esteri.it\/de\/wp-json\/wp\/v2\/comments?post=1761"}],"version-history":[{"count":3,"href":"https:\/\/conscolonia.esteri.it\/de\/wp-json\/wp\/v2\/pages\/1761\/revisions"}],"predecessor-version":[{"id":9136,"href":"https:\/\/conscolonia.esteri.it\/de\/wp-json\/wp\/v2\/pages\/1761\/revisions\/9136"}],"up":[{"embeddable":true,"href":"https:\/\/conscolonia.esteri.it\/de\/wp-json\/wp\/v2\/pages\/596"}],"wp:attachment":[{"href":"https:\/\/conscolonia.esteri.it\/de\/wp-json\/wp\/v2\/media?parent=1761"}],"curies":[{"name":"wp","href":"https:\/\/api.w.org\/{rel}","templated":true}]}}