{"id":132,"date":"2023-02-02T18:51:33","date_gmt":"2023-02-02T17:51:33","guid":{"rendered":"https:\/\/conscolonia.esteri.it\/italia-e-germania\/diplomazia-culturale\/"},"modified":"2025-07-03T12:55:02","modified_gmt":"2025-07-03T10:55:02","slug":"diplomazia-culturale","status":"publish","type":"page","link":"https:\/\/conscolonia.esteri.it\/de\/italia-e-germania\/diplomazia-culturale\/","title":{"rendered":"Kulturdiplomatie"},"content":{"rendered":"<p>Die Kultur ist ein essentielles Element der italienischen Identit\u00e4t in der Welt und repr\u00e4sentiert ein materielles und immaterielles Erbe. Hierzu geh\u00f6ren sowohl die italienische Sprache als Erbe der Vergangenheit sowie Br\u00fccke in die Zukunft, als auch die wissenschaftliche Recherche<br \/>\n&#8211; ein Sektor, in dem unser Land auf der ganzen Welt hohes Ansehen geniesst.<\/p>\n<p>Die F\u00f6rderung des Kulturbereichs nimmt folglich einen wichtigen Platz in der Au\u00dfenpolitik unseres Landes ein und ist einer der wichtigsten Pfeiler in der Au\u00dfendarstellung.<\/p>\n<p>F\u00fcr Informationen \u00fcber das italienische, kulturelle Leben in Nordrhein-Westfalen und in K\u00f6ln konsultieren Sie bitte:<\/p>\n<p><strong>1) Die Deutsche Botschaft in Berlin:<\/strong><br \/>\n<a href=\"https:\/\/ambberlino.esteri.it\/it\/italia-e-germania\/diplomazia-culturale\/\">https:\/\/ambberlino.esteri.it\/it\/italia-e-germania\/diplomazia-culturale\/<\/a><\/p>\n<p><strong>2) Italienisches Kulturinstitut K\u00f6ln:<\/strong><br \/>\n<a href=\"https:\/\/iiccolonia.esteri.it\/iic_colonia\/de\/\">https:\/\/iiccolonia.esteri.it\/iic_colonia\/de\/<\/a><\/p>\n<p><strong>3) Comites K\u00f6ln<\/strong><br \/>\n<a href=\"http:\/\/j3.comitescolonia.de\/\">http:\/\/j3.comitescolonia.de\/<\/a><\/p>\n<p><strong>4) Vereine:<br \/>\n<\/strong><a href=\"https:\/\/conscolonia.esteri.it\/wp-content\/uploads\/2025\/07\/Associazioni_03-07-2025.pdf\">Liste_Ital. Vereine_Konsularbezirk K\u00f6ln_03-07-2025<\/a><\/p>\n","protected":false},"excerpt":{"rendered":"Die Kultur ist ein essentielles Element der italienischen Identit\u00e4t in der Welt und repr\u00e4sentiert ein materielles und immaterielles Erbe. Hierzu geh\u00f6ren sowohl die italienische Sprache als Erbe der Vergangenheit sowie Br\u00fccke in die Zukunft, als auch die wissenschaftliche Recherche &#8211; ein Sektor, in dem unser Land auf der ganzen Welt hohes Ansehen geniesst. Die F\u00f6rderung [&hellip;]","protected":false},"author":3,"featured_media":0,"parent":35,"menu_order":2,"comment_status":"closed","ping_status":"closed","template":"","meta":{"footnotes":""},"class_list":["post-132","page","type-page","status-publish","hentry"],"_links":{"self":[{"href":"https:\/\/conscolonia.esteri.it\/de\/wp-json\/wp\/v2\/pages\/132","targetHints":{"allow":["GET"]}}],"collection":[{"href":"https:\/\/conscolonia.esteri.it\/de\/wp-json\/wp\/v2\/pages"}],"about":[{"href":"https:\/\/conscolonia.esteri.it\/de\/wp-json\/wp\/v2\/types\/page"}],"author":[{"embeddable":true,"href":"https:\/\/conscolonia.esteri.it\/de\/wp-json\/wp\/v2\/users\/3"}],"replies":[{"embeddable":true,"href":"https:\/\/conscolonia.esteri.it\/de\/wp-json\/wp\/v2\/comments?post=132"}],"version-history":[{"count":5,"href":"https:\/\/conscolonia.esteri.it\/de\/wp-json\/wp\/v2\/pages\/132\/revisions"}],"predecessor-version":[{"id":9658,"href":"https:\/\/conscolonia.esteri.it\/de\/wp-json\/wp\/v2\/pages\/132\/revisions\/9658"}],"up":[{"embeddable":true,"href":"https:\/\/conscolonia.esteri.it\/de\/wp-json\/wp\/v2\/pages\/35"}],"wp:attachment":[{"href":"https:\/\/conscolonia.esteri.it\/de\/wp-json\/wp\/v2\/media?parent=132"}],"curies":[{"name":"wp","href":"https:\/\/api.w.org\/{rel}","templated":true}]}}