{"id":129,"date":"2023-02-02T18:51:20","date_gmt":"2023-02-02T17:51:20","guid":{"rendered":"https:\/\/conscolonia.esteri.it\/italia-e-germania\/diplomazia-economica\/"},"modified":"2023-02-09T15:47:50","modified_gmt":"2023-02-09T14:47:50","slug":"diplomazia-economica","status":"publish","type":"page","link":"https:\/\/conscolonia.esteri.it\/de\/italia-e-germania\/diplomazia-economica\/","title":{"rendered":"Wirtschaftsdiplomatie"},"content":{"rendered":"<p><strong>Das Italienische Au\u00dfenministerium<\/strong><\/p>\n<p>Das Italienische Au\u00dfenministerium hat\u00a0<strong>eine gesonderte Seite<\/strong>\u00a0&#8211; in englischer Sprache &#8211;\u00a0<strong>f\u00fcr ausl\u00e4ndische\u00a0Investoren<\/strong>\u00a0geschaffen:\u00a0<strong><a href=\"http:\/\/www.invitalia.it\/on-line\/eng\/Home.html\">www.invitalia.it\/on-line\/eng\/Home.html<\/a><\/strong>.<\/p>\n<p>\u00dcber Anlaufstellen f\u00fcr Investoren in Italien informiert ausf\u00fchrlich die Handelsabteilung der\u00a0<strong><a href=\"http:\/\/www.ambberlino.esteri.it\/ambasciata_berlino\/de\/\">Italienischen Botschaft in Berlin<\/a><\/strong><br \/>\nsowie die\u00a0<strong>Website der Botschaft<\/strong>: &#8222;<strong><a href=\"http:\/\/www.ambberlino.esteri.it\/Ambasciata_Berlino\/Menu\/Informazioni_e_servizi\/Fare_affari_in_Italia\/\">Doing Business in Italy<\/a><\/strong>&#8222;.<br \/>\nDort sind auch die zwischen Italien und Deutschland abgeschlossenen Vertr\u00e4ge und Vereinbarungen aufgef\u00fchrt,<br \/>\ndarunter auch das Abkommen zur Vermeidung der Doppelbesteuerung vom 18.10.1989.<br \/>\nDen Text des Abkommens finden Sie in deutscher und italienischer Sprache auch\u00a0<strong><a href=\"https:\/\/conscolonia.esteri.it\/resource\/2006\/08\/3806_f_cons97Doppelbesteuerungitdt.pdf\">hier<\/a><\/strong>.<\/p>\n<p><strong>Handelskammern<\/strong><\/p>\n<p>In Deutschland\u00a0gibt es zudem:<\/p>\n<ul>\n<li>die\u00a0<strong><a href=\"http:\/\/www.itkam.org\/\">Italienische Handelskammer f\u00fcr Deutschland<\/a><\/strong>\u00a0in Frankfurt (Camera di Commercio Italiana per la Germania) mit\u00a0einem B\u00fcro\u00a0in Berlin<\/li>\n<li>sowie die\u00a0<strong><a href=\"http:\/\/www.italcam.de\/\">Italienische Handelskammer in M\u00fcnchen<\/a><\/strong>\u00a0(Camera di Commercio Italiana Monaco di Baviera) mit Hauptsitz in M\u00fcnchen und Korrespondenzb\u00fcro in Stuttgart, das f\u00fcr Baden-W\u00fcrttemberg zust\u00e4ndig ist.<\/li>\n<\/ul>\n<p>Wichtiger Ansprechpartner in Italien ist die in das System der deutschen Auslandshandelskammern integrierte\u00a0<strong><a href=\"http:\/\/www.ahk-italien.it\/\">Deutsch-Italienische Handelskammer in Mailand<\/a><\/strong>.<br \/>\nAuch die\u00a0<strong><a href=\"http:\/\/www.rom.diplo.de\/\">Deutsche Botschaft in Rom<\/a><\/strong>\u00a0bietet ein umfassendes Informationsangebot, u.a. mit einem\u00a0<strong><a href=\"https:\/\/conscolonia.esteri.it\/NR\/rdonlyres\/ED0BDF60-74F3-4A0B-B130-DF9A5F7A2A7B\/1213\/DeutscheEinrichtungenimBereichderAu%C3%9Fenwirtschaftsf.doc\">Verzeichnis deutscher Einrichtungen im Bereich der Au\u00dfenwirtschaftsf\u00f6rderung\u00a0in Italien<\/a><\/strong>.<\/p>\n<p>Die <strong>deutsch-italienische Wirtschaftsvereinigung MERCURIO<\/strong>:<br \/>\n<a href=\"https:\/\/www.mercurio-net.de\/italiano-1\/\">https:\/\/www.mercurio-net.de\/italiano-1\/<\/a><\/p>\n<p><strong>Tourismus-Sektor<\/strong><\/p>\n<p>Die F\u00f6rderung des Tourismus in Italien obliegt dem\u00a0<strong>Staatlichen italienischen Fremdenverkehrsamt\u00a0<a href=\"http:\/\/www.enit.it\/\">ENIT<\/a><\/strong>\u00a0in Frankfurt a.M.<\/p>\n<p>Bitte konsultieren Sie bitte auch den folgenden Link:<br \/>\n<a href=\"https:\/\/ambberlino.esteri.it\/ambasciata_berlino\/it\/i_rapporti_bilaterali\/cooperazione_economica\">https:\/\/ambberlino.esteri.it\/ambasciata_berlino\/it\/i_rapporti_bilaterali\/cooperazione_economica<\/a><\/p>\n","protected":false},"excerpt":{"rendered":"Das Italienische Au\u00dfenministerium Das Italienische Au\u00dfenministerium hat\u00a0eine gesonderte Seite\u00a0&#8211; in englischer Sprache &#8211;\u00a0f\u00fcr ausl\u00e4ndische\u00a0Investoren\u00a0geschaffen:\u00a0www.invitalia.it\/on-line\/eng\/Home.html. \u00dcber Anlaufstellen f\u00fcr Investoren in Italien informiert ausf\u00fchrlich die Handelsabteilung der\u00a0Italienischen Botschaft in Berlin sowie die\u00a0Website der Botschaft: &#8222;Doing Business in Italy&#8222;. Dort sind auch die zwischen Italien und Deutschland abgeschlossenen Vertr\u00e4ge und Vereinbarungen aufgef\u00fchrt, darunter auch das Abkommen zur Vermeidung [&hellip;]","protected":false},"author":3,"featured_media":0,"parent":35,"menu_order":0,"comment_status":"closed","ping_status":"closed","template":"","meta":{"footnotes":""},"class_list":["post-129","page","type-page","status-publish","hentry"],"_links":{"self":[{"href":"https:\/\/conscolonia.esteri.it\/de\/wp-json\/wp\/v2\/pages\/129","targetHints":{"allow":["GET"]}}],"collection":[{"href":"https:\/\/conscolonia.esteri.it\/de\/wp-json\/wp\/v2\/pages"}],"about":[{"href":"https:\/\/conscolonia.esteri.it\/de\/wp-json\/wp\/v2\/types\/page"}],"author":[{"embeddable":true,"href":"https:\/\/conscolonia.esteri.it\/de\/wp-json\/wp\/v2\/users\/3"}],"replies":[{"embeddable":true,"href":"https:\/\/conscolonia.esteri.it\/de\/wp-json\/wp\/v2\/comments?post=129"}],"version-history":[{"count":0,"href":"https:\/\/conscolonia.esteri.it\/de\/wp-json\/wp\/v2\/pages\/129\/revisions"}],"up":[{"embeddable":true,"href":"https:\/\/conscolonia.esteri.it\/de\/wp-json\/wp\/v2\/pages\/35"}],"wp:attachment":[{"href":"https:\/\/conscolonia.esteri.it\/de\/wp-json\/wp\/v2\/media?parent=129"}],"curies":[{"name":"wp","href":"https:\/\/api.w.org\/{rel}","templated":true}]}}