{"id":127,"date":"2023-02-02T18:51:39","date_gmt":"2023-02-02T17:51:39","guid":{"rendered":"https:\/\/conscolonia.esteri.it\/italia-e-germania\/diplomazia-scientifica\/"},"modified":"2024-03-06T16:07:59","modified_gmt":"2024-03-06T15:07:59","slug":"diplomazia-scientifica","status":"publish","type":"page","link":"https:\/\/conscolonia.esteri.it\/de\/italia-e-germania\/diplomazia-scientifica\/","title":{"rendered":"Wissenschaftliche Diplomatie"},"content":{"rendered":"<p>Das Italienische Au\u00dfenministerium (MAECI) f\u00f6rdert die Internationalisiserung der italienischen Wissenschaft und der wissenschaftlichen Diplomatie, grundlegende Instrumente f\u00fcr die Entwicklung der Zusammenarbeit zwischen Italien und dem Rest der Welt:<br \/>\n<a href=\"https:\/\/www.esteri.it\/it\/diplomazia-culturale-e-diplomazia-scientifica\/cooperscientificatecnologica\/\">https:\/\/www.esteri.it\/it\/diplomazia-culturale-e-diplomazia-scientifica\/cooperscientificatecnologica\/<\/a><\/p>\n<p>Das Italienische Au\u00dfenministerium ist \u00fcberzeugt, dass es keine wirtschaftliche Entwicklung ohne Innovation und Unterst\u00fctzung in der wissenschaftlichen Recherche geben kann.<\/p>\n<p>Die Wettbewerbsf\u00e4higkeit auf den immer komplexeren Weltm\u00e4rkten verlang die kontinuierliche Anwendung neuer Technologien bei Produktionsprozessen, um innovative Produkte mit einem hohen Mehrwert erzielen zu k\u00f6nnen. Aus dieser \u00dcberzeugung ensteht ein immer aufmerksamerer Gebrauch der Resourcen in diesem Sektor, der als Investition in das Wachstum unseres Landes zu verstehen ist, v.a. in den innovativsten Bereichen mit durchweg positiven Auswirkungen in Wirtschaft und Handel.<\/p>\n<p>F\u00fcr weitere Informationen konsultieren Sie bitte die Homepage der<\/p>\n<p><strong>1) Italienischen Botschaft in Berlin<\/strong><br \/>\n<a href=\"https:\/\/ambberlino.esteri.it\/it\/italia-e-germania\/diplomazia-scientifica\/\">https:\/\/ambberlino.esteri.it\/it\/italia-e-germania\/diplomazia-scientifica\/<\/a><\/p>\n<p><strong>2) Forum Accademico Italiano<\/strong><br \/>\n<a href=\"https:\/\/fai.science\/\">https:\/\/fai.science\/<\/a><\/p>\n","protected":false},"excerpt":{"rendered":"Das Italienische Au\u00dfenministerium (MAECI) f\u00f6rdert die Internationalisiserung der italienischen Wissenschaft und der wissenschaftlichen Diplomatie, grundlegende Instrumente f\u00fcr die Entwicklung der Zusammenarbeit zwischen Italien und dem Rest der Welt: https:\/\/www.esteri.it\/it\/diplomazia-culturale-e-diplomazia-scientifica\/cooperscientificatecnologica\/ Das Italienische Au\u00dfenministerium ist \u00fcberzeugt, dass es keine wirtschaftliche Entwicklung ohne Innovation und Unterst\u00fctzung in der wissenschaftlichen Recherche geben kann. Die Wettbewerbsf\u00e4higkeit auf den immer komplexeren [&hellip;]","protected":false},"author":3,"featured_media":0,"parent":35,"menu_order":4,"comment_status":"closed","ping_status":"closed","template":"","meta":{"footnotes":""},"class_list":["post-127","page","type-page","status-publish","hentry"],"_links":{"self":[{"href":"https:\/\/conscolonia.esteri.it\/de\/wp-json\/wp\/v2\/pages\/127","targetHints":{"allow":["GET"]}}],"collection":[{"href":"https:\/\/conscolonia.esteri.it\/de\/wp-json\/wp\/v2\/pages"}],"about":[{"href":"https:\/\/conscolonia.esteri.it\/de\/wp-json\/wp\/v2\/types\/page"}],"author":[{"embeddable":true,"href":"https:\/\/conscolonia.esteri.it\/de\/wp-json\/wp\/v2\/users\/3"}],"replies":[{"embeddable":true,"href":"https:\/\/conscolonia.esteri.it\/de\/wp-json\/wp\/v2\/comments?post=127"}],"version-history":[{"count":1,"href":"https:\/\/conscolonia.esteri.it\/de\/wp-json\/wp\/v2\/pages\/127\/revisions"}],"predecessor-version":[{"id":5298,"href":"https:\/\/conscolonia.esteri.it\/de\/wp-json\/wp\/v2\/pages\/127\/revisions\/5298"}],"up":[{"embeddable":true,"href":"https:\/\/conscolonia.esteri.it\/de\/wp-json\/wp\/v2\/pages\/35"}],"wp:attachment":[{"href":"https:\/\/conscolonia.esteri.it\/de\/wp-json\/wp\/v2\/media?parent=127"}],"curies":[{"name":"wp","href":"https:\/\/api.w.org\/{rel}","templated":true}]}}