{"id":10982,"date":"2025-01-21T13:46:46","date_gmt":"2025-01-21T12:46:46","guid":{"rendered":"https:\/\/conscolonia.esteri.it\/amministrazione-trasparente\/consulenti-e-collaboratori\/"},"modified":"2025-11-26T08:56:14","modified_gmt":"2025-11-26T07:56:14","slug":"consulenti-e-collaboratori","status":"publish","type":"page","link":"https:\/\/conscolonia.esteri.it\/de\/amministrazione-trasparente\/consulenti-e-collaboratori\/","title":{"rendered":"Berater und Mitarbeiter"},"content":{"rendered":"<p><strong>Daten f\u00fcr den Zeitraum von 2021 &#8211; 2025:<br \/>\n<\/strong><\/p>\n<ul>\n<li class=\"x_MsoNormal\">2025: Es liegen keine zu ver\u00f6ffentlichenden Daten vor<\/li>\n<li class=\"x_MsoNormal\">2024: Es liegen keine zu ver\u00f6ffentlichenden Daten vor<\/li>\n<li class=\"x_MsoNormal\">2023: Es liegen keine zu ver\u00f6ffentlichenden Daten vor<\/li>\n<li class=\"x_MsoNormal\">2022: Es liegen keine zu ver\u00f6ffentlichenden Daten vor<\/li>\n<li class=\"x_MsoNormal\">2021: Es liegen keine zu ver\u00f6ffentlichenden Daten vor<strong><br \/>\n<\/strong><\/li>\n<\/ul>\n","protected":false},"excerpt":{"rendered":"Daten f\u00fcr den Zeitraum von 2021 &#8211; 2025: 2025: Es liegen keine zu ver\u00f6ffentlichenden Daten vor 2024: Es liegen keine zu ver\u00f6ffentlichenden Daten vor 2023: Es liegen keine zu ver\u00f6ffentlichenden Daten vor 2022: Es liegen keine zu ver\u00f6ffentlichenden Daten vor 2021: Es liegen keine zu ver\u00f6ffentlichenden Daten vor","protected":false},"author":1,"featured_media":0,"parent":156,"menu_order":0,"comment_status":"closed","ping_status":"closed","template":"","meta":{"footnotes":""},"class_list":["post-10982","page","type-page","status-publish","hentry"],"_links":{"self":[{"href":"https:\/\/conscolonia.esteri.it\/de\/wp-json\/wp\/v2\/pages\/10982","targetHints":{"allow":["GET"]}}],"collection":[{"href":"https:\/\/conscolonia.esteri.it\/de\/wp-json\/wp\/v2\/pages"}],"about":[{"href":"https:\/\/conscolonia.esteri.it\/de\/wp-json\/wp\/v2\/types\/page"}],"author":[{"embeddable":true,"href":"https:\/\/conscolonia.esteri.it\/de\/wp-json\/wp\/v2\/users\/1"}],"replies":[{"embeddable":true,"href":"https:\/\/conscolonia.esteri.it\/de\/wp-json\/wp\/v2\/comments?post=10982"}],"version-history":[{"count":3,"href":"https:\/\/conscolonia.esteri.it\/de\/wp-json\/wp\/v2\/pages\/10982\/revisions"}],"predecessor-version":[{"id":10986,"href":"https:\/\/conscolonia.esteri.it\/de\/wp-json\/wp\/v2\/pages\/10982\/revisions\/10986"}],"up":[{"embeddable":true,"href":"https:\/\/conscolonia.esteri.it\/de\/wp-json\/wp\/v2\/pages\/156"}],"wp:attachment":[{"href":"https:\/\/conscolonia.esteri.it\/de\/wp-json\/wp\/v2\/media?parent=10982"}],"curies":[{"name":"wp","href":"https:\/\/api.w.org\/{rel}","templated":true}]}}