{"id":10559,"date":"2025-01-21T13:47:47","date_gmt":"2025-01-21T12:47:47","guid":{"rendered":"https:\/\/conscolonia.esteri.it\/?page_id=10559"},"modified":"2026-03-20T10:13:42","modified_gmt":"2026-03-20T09:13:42","slug":"interessenbekundungen-und-vertraege","status":"publish","type":"page","link":"https:\/\/conscolonia.esteri.it\/de\/amministrazione-trasparente\/interessenbekundungen-und-vertraege\/","title":{"rendered":"Interessenbekundungen und Vertr\u00e4ge"},"content":{"rendered":"<p><strong>\u00d6FFENTLICHE AUSSCHREIBUNG F\u00dcR INTERESSENBEKUNDUNG ZUM VERHANDLUNGSVERFAHREN &#8211; Ohne vorherige Ausschreibung ehemals Art. 7 Abs. 2b des Ministerialdekrets Decreto Ministeriale DM 192\/2017 f\u00fcr die Beauftragung der Arbeiten zur Anpassung der Elektroinstallation des Amtssitzes des Generalkonsulats der Italienischen Republik in K\u00f6ln<\/strong><\/p>\n<ul>\n<li>Tag der Ver\u00f6ffentlichung: 19. M\u00e4rz 2026<\/li>\n<li>Ende der Vergabefrist: 30. April 2026<\/li>\n<\/ul>\n<p><a href=\"https:\/\/conscolonia.esteri.it\/wp-content\/uploads\/2026\/03\/260319_avviso_DE.pdf\">AUSSCHREIBUNG<\/a><\/p>\n<p><a href=\"https:\/\/conscolonia.esteri.it\/wp-content\/uploads\/2026\/03\/260319_DGUE_DE-2.pdf\">EINHEITLICHE EUROP\u00c4ISCHE EIGENERKL\u00c4RUNG<\/a><\/p>\n<p><a href=\"https:\/\/conscolonia.esteri.it\/wp-content\/uploads\/2026\/03\/all.to-1-avviso-DE.pdf\">ANHANG 1 zur AUSSCHREIBUNG<\/a><\/p>\n<p>&nbsp;<\/p>\n<p>&nbsp;<\/p>\n","protected":false},"excerpt":{"rendered":"\u00d6FFENTLICHE AUSSCHREIBUNG F\u00dcR INTERESSENBEKUNDUNG ZUM VERHANDLUNGSVERFAHREN &#8211; Ohne vorherige Ausschreibung ehemals Art. 7 Abs. 2b des Ministerialdekrets Decreto Ministeriale DM 192\/2017 f\u00fcr die Beauftragung der Arbeiten zur Anpassung der Elektroinstallation des Amtssitzes des Generalkonsulats der Italienischen Republik in K\u00f6ln Tag der Ver\u00f6ffentlichung: 19. M\u00e4rz 2026 Ende der Vergabefrist: 30. April 2026 AUSSCHREIBUNG EINHEITLICHE EUROP\u00c4ISCHE EIGENERKL\u00c4RUNG [&hellip;]","protected":false},"author":5,"featured_media":0,"parent":156,"menu_order":0,"comment_status":"closed","ping_status":"closed","template":"","meta":{"footnotes":""},"class_list":["post-10559","page","type-page","status-publish","hentry"],"_links":{"self":[{"href":"https:\/\/conscolonia.esteri.it\/de\/wp-json\/wp\/v2\/pages\/10559","targetHints":{"allow":["GET"]}}],"collection":[{"href":"https:\/\/conscolonia.esteri.it\/de\/wp-json\/wp\/v2\/pages"}],"about":[{"href":"https:\/\/conscolonia.esteri.it\/de\/wp-json\/wp\/v2\/types\/page"}],"author":[{"embeddable":true,"href":"https:\/\/conscolonia.esteri.it\/de\/wp-json\/wp\/v2\/users\/5"}],"replies":[{"embeddable":true,"href":"https:\/\/conscolonia.esteri.it\/de\/wp-json\/wp\/v2\/comments?post=10559"}],"version-history":[{"count":6,"href":"https:\/\/conscolonia.esteri.it\/de\/wp-json\/wp\/v2\/pages\/10559\/revisions"}],"predecessor-version":[{"id":12028,"href":"https:\/\/conscolonia.esteri.it\/de\/wp-json\/wp\/v2\/pages\/10559\/revisions\/12028"}],"up":[{"embeddable":true,"href":"https:\/\/conscolonia.esteri.it\/de\/wp-json\/wp\/v2\/pages\/156"}],"wp:attachment":[{"href":"https:\/\/conscolonia.esteri.it\/de\/wp-json\/wp\/v2\/media?parent=10559"}],"curies":[{"name":"wp","href":"https:\/\/api.w.org\/{rel}","templated":true}]}}